{"id":1542,"date":"2022-02-10T12:06:14","date_gmt":"2022-02-10T11:06:14","guid":{"rendered":"https:\/\/www.kozackakukurydza.pl\/ueber-mais\/"},"modified":"2022-02-10T12:06:15","modified_gmt":"2022-02-10T11:06:15","slug":"ueber-mais","status":"publish","type":"page","link":"https:\/\/www.kozackakukurydza.pl\/de\/ueber-mais\/","title":{"rendered":"\u00dcber Mais"},"content":{"rendered":"\n  <div class=\"banner has-hover has-parallax\" id=\"banner-1416931766\">\n          <div class=\"banner-inner fill\">\n        <div class=\"banner-bg fill\" data-parallax=\"-3\" data-parallax-container=\".banner\" data-parallax-background>\n            <img loading=\"lazy\" decoding=\"async\" width=\"1020\" height=\"680\" src=\"https:\/\/www.kozackakukurydza.pl\/wp-content\/uploads\/2020\/12\/MAIS-1200x800.jpg\" class=\"bg attachment-large size-large\" alt=\"\" \/>                        <div class=\"overlay\"><\/div>            \n                    <\/div>\n\t\t\n        <div class=\"banner-layers container\">\n            <div class=\"fill banner-link\"><\/div>                <div id=\"text-box-1178748430\" class=\"text-box banner-layer x50 md-x50 lg-x50 y80 md-y80 lg-y80 res-text\">\n                                <div class=\"text-box-content text dark\">\n              \n              <div class=\"text-inner text-center\">\n                  \n<h1 class=\"lead\">MAIS &#8211; ELITE-GENETIK<\/h1>\n              <\/div>\n           <\/div>\n                            \n<style>\n#text-box-1178748430 {\n  width: 60%;\n}\n#text-box-1178748430 .text-box-content {\n  font-size: 100%;\n}\n<\/style>\n    <\/div>\n          <\/div>\n      <\/div>\n\n            \n<style>\n#banner-1416931766 {\n  padding-top: 507px;\n}\n#banner-1416931766 .overlay {\n  background-color: rgba(0, 0, 0, 0.49);\n}\n<\/style>\n  <\/div>\n\n <div class=\"row\"  id=\"row-1793153151\"> \n\t<div id=\"col-1472682134\" class=\"col small-12 large-12\"  >\n\t\t\t\t<div class=\"col-inner\"  >\n\t\t\t\n\t\t\t\n<p class=\"lead text-center\">MAIS ist ein Z\u00fcchtungsunternehmen, das sich auf die Auswahl der besten Maishybriden spezialisiert hat.<\/p>\n<div class=\"text-center\"><div class=\"is-divider divider clearfix\" ><\/div><\/div> \t\t<\/div>\n\t\t\t\t\t<\/div>\n\n\t <\/div> <div class=\"row\"  id=\"row-809657691\"> \n\t<div id=\"col-1522002188\" class=\"col small-12 large-12\"  >\n\t\t\t\t<div class=\"col-inner\"  >\n\t\t\t\n\t\t\t\n<h3>MEHR ALS 100 MAISSORTEN<\/h3>\n<p style=\"text-align: left;\">Die MAIS-Zucht verf\u00fcgt \u00fcber mehr als 100 eingetragene Maissorten. Davon sind 17 Maissorten im gemeinschaftlichen Sortenkatalog f\u00fcr landwirtschaftliche Pflanzen (CCA) aufgef\u00fchrt. MAIS ist auch ein anerkannter Hersteller von Sonnenblumenkernen.  <\/p>\n<h3>SAATGUT H\u00d6CHSTER QUALIT\u00c4T<\/h3>\n<p>Die MAIS-Zucht hat einen geschlossenen Produktionszyklus. Alle Schritte von der Auswahl \u00fcber die Produktion bis hin zum Anbau und Verkauf finden innerhalb eines Unternehmens statt. MAIS verkauft nicht die Stammkomponenten von Maishybriden. Alle Samen werden auf eigenem Land angebaut und in eigenen Saatgutanlagen veredelt. Nur unter diesen Bedingungen k\u00f6nnen Produkte von h\u00f6chster Qualit\u00e4t garantiert werden.    <\/p>\n<h3>UKRAINISCHE ZUCHT&nbsp;<\/h3>\n<p>Die Selektion und der Anbau von Maissorten aus der MAIS-Z\u00fcchtung finden im Osten der Ukraine statt, im Gebiet der Stadt Synelnykove, Region Dnipropetrovsk. Aufgrund des einzigartigen Mikroklimas in diesem Gebiet reicht die Tradition der Pflanzenauswahl bis in die Mitte des 19. Jahrhunderts zur\u00fcck. <br \/>In der Region Synelnykove fallen jedes Jahr nur sehr wenige Niederschl\u00e4ge, so dass die hier angebauten Pflanzen bereits in der Wachstumsphase \u00e4u\u00dferst trockenheitsresistent sind.<\/p>\nngg_shortcode_0_placeholder\n<h3>FAO F\u00dcR ALLE BEDINGUNGEN<\/h3>\n<p>Die Maissorten der MAIS-Z\u00fcchtung geh\u00f6ren zu verschiedenen Fr\u00fchreifegruppen (von FAO 140 bis FAO 500) und eignen sich f\u00fcr den Anbau auf allen Bodenkomplexen und Klimazonen.<\/p>\n<h3>BESONDERE MERKMALE DER MAISGENETIK&nbsp;<\/h3>\n<ul>\n<li>Weniger Spalt\u00f6ffnungen auf den Bl\u00e4ttern. Infolgedessen verlieren die Pflanzen viel weniger Wasser. In Trockenperioden rollen sich die Bl\u00e4tter nicht ein, so dass die Pflanzen den Morgentau sehr effizient nutzen.\n<\/li>\n<li>Eine gro\u00dfe Anzahl von Haaren auf den Bl\u00e4ttern in Form eines dichten &#8222;Flaum&#8220;. Die dicht behaarten Bl\u00e4tter speichern gut Feuchtigkeit und sind daher weniger anf\u00e4llig f\u00fcr Austrocknung. Die Behaarung verringert auch die Transpiration, d. h. die Verdunstung von Wasser aus den Spalt\u00f6ffnungen. Sie sch\u00fctzen auch vor \u00fcberm\u00e4\u00dfiger Sonneneinstrahlung,\n<\/li>\n<li>Das einzigartige Mikroklima, in dem sich die Saatgutplantagen befinden, mit sehr geringen j\u00e4hrlichen Niederschl\u00e4gen, entwickelt bei den Pflanzen von Anfang an eine Toleranz gegen\u00fcber periodischem Wassermangel. Kr\u00e4ftige Adventivwurzeln stabilisieren die Pflanzen auch bei sehr starkem Wind,\n<\/li>\n<li>Hohe gr\u00fcne Masse &#8211; breite Bl\u00e4tter, dicke St\u00e4mme,\n<\/li>\n<li>Die sehr schnelle Wasserableitung erm\u00f6glicht eine f\u00fcr polnische Verh\u00e4ltnisse niedrige Kornfeuchte. Je nach Region Polens ist es damit m\u00f6glich, eine h\u00f6here FAO auszus\u00e4en als bisher auf der Grundlage der westlichen Genetik angenommen.\n<\/li>\n<li>Hoher Gehalt an St\u00e4rke und hohe Verdaulichkeit, best\u00e4tigt durch zahlreiche Silagetests.<\/li>\n<\/ul>\n\t\t<\/div>\n\t\t\t\t\t<\/div>\n\n\t <\/div>\n&#13;\n<p>\u00a0<\/p>&#13;\n","protected":false},"excerpt":{"rendered":"<p>&#13; \u00a0 &#13;<\/p>\n","protected":false},"author":1,"featured_media":1343,"parent":0,"menu_order":0,"comment_status":"closed","ping_status":"closed","template":"page-blank.php","meta":{"ngg_post_thumbnail":0,"footnotes":""},"class_list":["post-1542","page","type-page","status-publish","has-post-thumbnail","hentry"],"acf":[],"_links":{"self":[{"href":"https:\/\/www.kozackakukurydza.pl\/de\/wp-json\/wp\/v2\/pages\/1542","targetHints":{"allow":["GET"]}}],"collection":[{"href":"https:\/\/www.kozackakukurydza.pl\/de\/wp-json\/wp\/v2\/pages"}],"about":[{"href":"https:\/\/www.kozackakukurydza.pl\/de\/wp-json\/wp\/v2\/types\/page"}],"author":[{"embeddable":true,"href":"https:\/\/www.kozackakukurydza.pl\/de\/wp-json\/wp\/v2\/users\/1"}],"replies":[{"embeddable":true,"href":"https:\/\/www.kozackakukurydza.pl\/de\/wp-json\/wp\/v2\/comments?post=1542"}],"version-history":[{"count":1,"href":"https:\/\/www.kozackakukurydza.pl\/de\/wp-json\/wp\/v2\/pages\/1542\/revisions"}],"predecessor-version":[{"id":1543,"href":"https:\/\/www.kozackakukurydza.pl\/de\/wp-json\/wp\/v2\/pages\/1542\/revisions\/1543"}],"wp:featuredmedia":[{"embeddable":true,"href":"https:\/\/www.kozackakukurydza.pl\/de\/wp-json\/wp\/v2\/media\/1343"}],"wp:attachment":[{"href":"https:\/\/www.kozackakukurydza.pl\/de\/wp-json\/wp\/v2\/media?parent=1542"}],"curies":[{"name":"wp","href":"https:\/\/api.w.org\/{rel}","templated":true}]}}