{"id":1678,"date":"2021-11-08T14:39:21","date_gmt":"2021-11-08T13:39:21","guid":{"rendered":"https:\/\/www.kozackakukurydza.pl\/produkt\/dms-trend-fao-280-290-saat-silage-80-tausend-samen\/"},"modified":"2022-02-17T17:20:46","modified_gmt":"2022-02-17T16:20:46","slug":"dms-trend-fao-280-290-saat-silage-80000-samen","status":"publish","type":"product","link":"https:\/\/www.kozackakukurydza.pl\/de\/produkt\/dms-trend-fao-280-290-saat-silage-80000-samen\/","title":{"rendered":"DMS TREND FAO 280\/290 (SAAT\/SILAGE) 80 Tausend Samen"},"content":{"rendered":"<p>EIGENSCHAFTEN:<\/p>\n<p>Widerstandsf\u00e4higkeit gegen Trockenheit 9<br \/>\nRESISTENZ Kn\u00f6llchenbildung 9<br \/>\nStaubkopf RESISTENZ 8<br \/>\nResistenz gegen den Europ\u00e4ischen Maisz\u00fcnsler 8<br \/>\nRESISTENZ gegen\u00fcber der Unterkunft 9<\/p>\n<p>K\u00e4ltetoleranz 7<br \/>\nanf\u00e4ngliche Vitalit\u00e4t 8<br \/>\ngr\u00fcn bleiben 9<br \/>\nWasserentnahme 9<br \/>\nPflanzenh\u00f6he 8<br \/>\nZweifarben-Index 6<\/p>\n<p>min. Aussaat Bodentemperatur &#8211; 10\u00b0C<br \/>\nAnzahl der Zeilen &#8211; 18-22<br \/>\nKorntyp &#8211; halb eingedr\u00fcckt<br \/>\ncob type &#8211; fix<br \/>\nKornfarbe &#8211; gelb<\/p>\n<p>N\u00e4hrwert:<br \/>\nSt\u00e4rke 8<br \/>\ndNDF 8<\/p>\n<h3>FERTILISER (ausgezeichneter Schutz und Mikron\u00e4hrstoffe f\u00fcr einen schnellen Start als Standard):<\/h3>\n<p>FUNGIZID:<\/p>\n<p>Saatgut, das mit dem Zweikomponentenm\u00f6rtel REDIGO M 120 FS von BAYER behandelt wurde. Der Verband hat folgende Zusammensetzung: Prothioconazol (eine Verbindung aus der Gruppe der Triazole) &#8211; 100 g\/l, Metalaxyl (eine Verbindung aus der Gruppe der Phenylamide) &#8211; 20 g\/l. <\/p>\n<p>MIKROELEMETERN:<\/p>\n<p>Das Saatgut wird zus\u00e4tzlich mit dem hochwertigen Mikroelement-Dressing QUANTUM ULTRACOMPLEX behandelt. Das Dressing enth\u00e4lt Stickstoff, Phosphor, Kalium und einen Komplex von Mikroelementen: Bor, Molybd\u00e4n, Zink, Mangan, Eisen und Kupfer in Form von EDTA-Chelaten. <\/p>\n<div class=\"o9v6fnle cxmmr5t8 oygrvhab hcukyx3x c1et5uql ii04i59q\">\n<div dir=\"auto\">1 Aussaateinheit mit 80 Tausend Samen<\/div>\n<div dir=\"auto\">&nbsp;<\/div>\n<\/div>\n<div class=\"o9v6fnle cxmmr5t8 oygrvhab hcukyx3x c1et5uql ii04i59q\">\n<div dir=\"auto\">MAISANBAU EINE GRUPPE VON PROFIS &#8211; wir reduzieren Kosten<\/div>\n<div dir=\"auto\"><a class=\"oajrlxb2 g5ia77u1 qu0x051f esr5mh6w e9989ue4 r7d6kgcz rq0escxv nhd2j8a9 nc684nl6 p7hjln8o kvgmc6g5 cxmmr5t8 oygrvhab hcukyx3x jb3vyjys rz4wbd8a qt6c0cv9 a8nywdso i1ao9s8h esuyzwwr f1sip0of lzcic4wl q66pz984 gpro0wi8 b1v8xokw\" tabindex=\"0\" role=\"link\" href=\"https:\/\/www.facebook.com\/groups\/313713263436684\/?__cft__%5B0%5D=AZXgW6lPkJtt26rhw8YMB3pwHKkhbjpafW63zD-f3x2fAAJfspWTreAxCPWuWPNy7AnL-5D1oQTFwfYNkJka7Cmew3JZLLYhQN0ImQiYjsxABQw8LlIg_Nv2CrJZTEQInISCLFsj9hRDl_WT2ONTjYxaKn0Hs8yiJUow5VMeH1b6VQ&amp;__tn__=-UK-R\"><span class=\"nc684nl6\">https:\/\/www.facebook.com\/groups\/313713263436684\/<\/span><\/a><\/div>\n<\/div>\n<div class=\"o9v6fnle cxmmr5t8 oygrvhab hcukyx3x c1et5uql ii04i59q\">\n<div dir=\"auto\">&nbsp;<\/div>\n<div dir=\"auto\">Lieferung per Kurier bis zu Ihrer Haust\u00fcr.<\/div>\n<div dir=\"auto\">Auftr\u00e4ge: <a class=\"oajrlxb2 g5ia77u1 qu0x051f esr5mh6w e9989ue4 r7d6kgcz rq0escxv nhd2j8a9 nc684nl6 p7hjln8o kvgmc6g5 cxmmr5t8 oygrvhab hcukyx3x jb3vyjys rz4wbd8a qt6c0cv9 a8nywdso i1ao9s8h esuyzwwr f1sip0of lzcic4wl py34i1dx gpro0wi8\" tabindex=\"0\" role=\"link\" href=\"http:\/\/www.kozackakukurydza.pl\/?fbclid=IwAR3vISvdHr2Hyji1OFdyukcNsn9tTd76bBbZH2qiU6B0C0qnQGd0NIbIMpg\" target=\"_blank\" rel=\"nofollow noopener noreferrer\">www.kozackakukurydza.pl\/de<\/a><\/div>\n<div dir=\"auto\">&nbsp;<\/div>\n<\/div>\n","protected":false},"excerpt":{"rendered":"<p>ab 1. Februar 2022 Saatgut um den Wert der Mehrwertsteuer g\u00fcnstiger (MwSt.-Satz &#8211; 0%) Bruttopreis<\/p>\n<p>SCHREIBEN SIE IN DEN KOMMENTAREN, WANN WIR DAS SAATGUT LIEFERN SOLLEN<\/p>\n<p>TREND ist eine sehr ertragsstabile, vielseitige Sorte. Sie hat einen sehr charakteristischen, dicken Kolben, der bis zu 22 Reihen erreicht. Trotz seiner hohen FAO erreicht TREND schnell die Reife und gibt sehr schnell Wasser ab. Die Versuche der letzten Jahre haben gezeigt, dass die Sorte aufgrund ihrer schnellen Feuchtigkeitsabgabe f\u00fcr den Anbau in ganz Polen geeignet ist, sowohl f\u00fcr hochwertige Silage als auch f\u00fcr Getreide. Der h\u00f6chste jemals f\u00fcr TREND verzeichnete Ertrag betrug 16,1 Tonnen bei einem Feuchtigkeitsgehalt von 17 %. Trend vertr\u00e4gt die Fr\u00fchjahrsk\u00e4lte gut. Au\u00dferdem ist sie sehr widerstandsf\u00e4hig gegen hohe Temperaturen und periodische D\u00fcrreperioden.      <\/p>\n","protected":false},"featured_media":1367,"template":"","meta":{"ngg_post_thumbnail":0},"product_brand":[],"product_cat":[86],"product_tag":[113,116,108,102,112,104,117,106,120,121,109],"class_list":{"0":"post-1678","1":"product","2":"type-product","3":"status-publish","4":"has-post-thumbnail","6":"product_cat-mais-saatgut","7":"product_tag-bauer","8":"product_tag-die-saat","9":"product_tag-dungemittel","10":"product_tag-kosaken-mais","11":"product_tag-landwirtschaft","12":"product_tag-mais","13":"product_tag-maisanbau","14":"product_tag-maissamen","15":"product_tag-pflanze","16":"product_tag-pflanzenschutzmittel","17":"product_tag-spritzgerat","18":"tm-no-options","20":"first","21":"instock","22":"taxable","23":"shipping-taxable","24":"purchasable","25":"product-type-simple"},"acf":[],"_links":{"self":[{"href":"https:\/\/www.kozackakukurydza.pl\/de\/wp-json\/wp\/v2\/product\/1678","targetHints":{"allow":["GET"]}}],"collection":[{"href":"https:\/\/www.kozackakukurydza.pl\/de\/wp-json\/wp\/v2\/product"}],"about":[{"href":"https:\/\/www.kozackakukurydza.pl\/de\/wp-json\/wp\/v2\/types\/product"}],"wp:featuredmedia":[{"embeddable":true,"href":"https:\/\/www.kozackakukurydza.pl\/de\/wp-json\/wp\/v2\/media\/1367"}],"wp:attachment":[{"href":"https:\/\/www.kozackakukurydza.pl\/de\/wp-json\/wp\/v2\/media?parent=1678"}],"wp:term":[{"taxonomy":"product_brand","embeddable":true,"href":"https:\/\/www.kozackakukurydza.pl\/de\/wp-json\/wp\/v2\/product_brand?post=1678"},{"taxonomy":"product_cat","embeddable":true,"href":"https:\/\/www.kozackakukurydza.pl\/de\/wp-json\/wp\/v2\/product_cat?post=1678"},{"taxonomy":"product_tag","embeddable":true,"href":"https:\/\/www.kozackakukurydza.pl\/de\/wp-json\/wp\/v2\/product_tag?post=1678"}],"curies":[{"name":"wp","href":"https:\/\/api.w.org\/{rel}","templated":true}]}}