{"id":1679,"date":"2013-08-10T09:16:03","date_gmt":"2013-08-10T09:16:03","guid":{"rendered":"https:\/\/www.kozackakukurydza.pl\/produkt\/dzekhpot-ms-fao-210-saat-80-tausend-samen\/"},"modified":"2022-02-15T20:09:44","modified_gmt":"2022-02-15T19:09:44","slug":"dzekpot-ms-fao-210-saat","status":"publish","type":"product","link":"https:\/\/www.kozackakukurydza.pl\/de\/produkt\/dzekpot-ms-fao-210-saat\/","title":{"rendered":"D\u017cekhpot MS FAO 210 (SAAT) 80 Tausend Samen"},"content":{"rendered":"<h3>EIGENSCHAFTEN:<\/h3>\n<p>Widerstandsf\u00e4higkeit gegen Trockenheit 8<br \/>\nRESISTENZ Kn\u00f6llchenbildung 9<br \/>\nStaubkopf RESISTENZ 9<br \/>\nResistenz gegen den Europ\u00e4ischen Maisz\u00fcnsler 9<br \/>\nRESISTENZ gegen\u00fcber der Unterkunft 10<\/p>\n<p>K\u00e4ltetoleranz 9<br \/>\nanf\u00e4ngliche Vitalit\u00e4t 10<br \/>\ngr\u00fcn bleiben 8<br \/>\nWasserentnahme 7<br \/>\nPflanzenh\u00f6he 6-8<br \/>\nZweifarben-Index 6<\/p>\n<p>min. Aussaat Bodentemperatur &#8211; 9-10\u00b0C<br \/>\nAnzahl der Zeilen &#8211; 14-18<br \/>\nKorntyp &#8211; halb eingedr\u00fcckt<br \/>\ncob type &#8211; flex<br \/>\nKornfarbe &#8211; Gelb Orange<\/p>\n<p>N\u00e4hrwert:<br \/>\nSt\u00e4rke 7<br \/>\ndNDF 7<\/p>\n<h3>FERTILISER (ausgezeichneter Schutz und Mikron\u00e4hrstoffe f\u00fcr einen schnellen Start als Standard):<\/h3>\n<p>FUNGIZID:<\/p>\n<p>Saatgut, das mit dem Zweikomponentenm\u00f6rtel REDIGO M 120 FS von BAYER behandelt wurde. Der Verband hat folgende Zusammensetzung: Prothioconazol (eine Verbindung aus der Gruppe der Triazole) &#8211; 100 g\/l, Metalaxyl (eine Verbindung aus der Gruppe der Phenylamide) &#8211; 20 g\/l. <\/p>\n<p>MIKROELEMETERN:<\/p>\n<p>Das Saatgut wird zus\u00e4tzlich mit dem hochwertigen Mikroelement-Dressing QUANTUM ULTRACOMPLEX behandelt. Das Dressing enth\u00e4lt Stickstoff, Phosphor, Kalium und einen Komplex von Mikroelementen: Bor, Molybd\u00e4n, Zink, Mangan, Eisen und Kupfer in Form von EDTA-Chelaten. <\/p>\n<div class=\"o9v6fnle cxmmr5t8 oygrvhab hcukyx3x c1et5uql ii04i59q\">\n<div dir=\"auto\">1 Aussaateinheit mit 80 Tausend Samen<\/div>\n<div dir=\"auto\">&nbsp;<\/div>\n<\/div>\n<div class=\"o9v6fnle cxmmr5t8 oygrvhab hcukyx3x c1et5uql ii04i59q\">\n<div dir=\"auto\">Mengenrabatt<\/div>\n<div dir=\"auto\">11-21 &#8211; 1%<\/div>\n<div dir=\"auto\">22-42 &#8211; 2%<\/div>\n<div dir=\"auto\">43-63 &#8211; 3%<\/div>\n<div dir=\"auto\">&gt;64 j.s. fragen Sie einen Berater<\/div>\n<\/div>\n<div class=\"o9v6fnle cxmmr5t8 oygrvhab hcukyx3x c1et5uql ii04i59q\">\n<div dir=\"auto\">&nbsp;<\/div>\n<\/div>\n<div class=\"o9v6fnle cxmmr5t8 oygrvhab hcukyx3x c1et5uql ii04i59q\">\n<div dir=\"auto\">MAISANBAU EINE GRUPPE VON PROFIS &#8211; wir reduzieren Kosten<\/div>\n<div dir=\"auto\"><a class=\"oajrlxb2 g5ia77u1 qu0x051f esr5mh6w e9989ue4 r7d6kgcz rq0escxv nhd2j8a9 nc684nl6 p7hjln8o kvgmc6g5 cxmmr5t8 oygrvhab hcukyx3x jb3vyjys rz4wbd8a qt6c0cv9 a8nywdso i1ao9s8h esuyzwwr f1sip0of lzcic4wl q66pz984 gpro0wi8 b1v8xokw\" tabindex=\"0\" role=\"link\" href=\"https:\/\/www.facebook.com\/groups\/313713263436684\/?__cft__%5B0%5D=AZXgW6lPkJtt26rhw8YMB3pwHKkhbjpafW63zD-f3x2fAAJfspWTreAxCPWuWPNy7AnL-5D1oQTFwfYNkJka7Cmew3JZLLYhQN0ImQiYjsxABQw8LlIg_Nv2CrJZTEQInISCLFsj9hRDl_WT2ONTjYxaKn0Hs8yiJUow5VMeH1b6VQ&amp;__tn__=-UK-R\"><span class=\"nc684nl6\">https:\/\/www.facebook.com\/groups\/313713263436684\/<\/span><\/a><\/div>\n<\/div>\n<div class=\"o9v6fnle cxmmr5t8 oygrvhab hcukyx3x c1et5uql ii04i59q\">\n<div dir=\"auto\">&nbsp;<\/div>\n<div dir=\"auto\">Lieferung per Kurier bis zu Ihrer Haust\u00fcr.<\/div>\n<div dir=\"auto\">Auftr\u00e4ge: <a class=\"oajrlxb2 g5ia77u1 qu0x051f esr5mh6w e9989ue4 r7d6kgcz rq0escxv nhd2j8a9 nc684nl6 p7hjln8o kvgmc6g5 cxmmr5t8 oygrvhab hcukyx3x jb3vyjys rz4wbd8a qt6c0cv9 a8nywdso i1ao9s8h esuyzwwr f1sip0of lzcic4wl py34i1dx gpro0wi8\" tabindex=\"0\" role=\"link\" href=\"http:\/\/www.kozackakukurydza.pl\/?fbclid=IwAR3vISvdHr2Hyji1OFdyukcNsn9tTd76bBbZH2qiU6B0C0qnQGd0NIbIMpg\" target=\"_blank\" rel=\"nofollow noopener noreferrer\">www.kozackakukurydza.pl\/de<\/a><\/div>\n<div dir=\"auto\">&nbsp;<\/div>\n<\/div>\n","protected":false},"excerpt":{"rendered":"<p>ab 1. Februar 2022 Saatgut um den Wert der Mehrwertsteuer g\u00fcnstiger (MwSt.-Satz &#8211; 0%) Bruttopreis<\/p>\n<p>SCHREIBEN SIE IN DEN KOMMENTAREN, WANN WIR DAS SAATGUT LIEFERN SOLLEN<\/p>\n<div id=\"main-slider_5\"\n     class=\"liquid-slider main-slider view-content-slider gallery-video-content\"\n     data-pause-hover=\"on\"\n     data-autoslide=\"on\"\n     data-slide-duration=\"1000\"\n     data-slide-interval=\"4000\"\n     data-gallery-video-id=\"5\">\n\t\t\t<div class=\"slider-content\">\n\t\t\t<div class=\"slider-content-wrapper\">\n\t\t\t\t<div class=\"image-block_5\">\n\t\t\t\t\t\t\t\t\t\t\t<a data-id=\"47\" class=\"vyoutube origincode_videogallery_item group5\"\n\t\t\t\t\t\t   href=\"\/\/www.youtube.com\/embed\/http:\/\/sjLqXAN2oqc\"\n                           data-description=\"\"\n                           title=\"Opinie Gospodarzy 2022\">\n\t\t\t\t\t\t\t<img decoding=\"async\" src=\"\/\/img.youtube.com\/vi\/sjLqXAN2oqc\/mqdefault.jpg\" alt=\"Opinie Gospodarzy 2022\"\/>\n\t\t\t\t\t\t\t<div class=\"play-icon youtube-icon\"><\/div>\n\t\t\t\t\t\t<\/a>\n\t\t\t\t\t\t\t\t\t\t<\/div>\n\t\t\t\t<div class=\"right-block\">\n\t\t\t\t\t<div><h2 class=\"title\">Opinie Gospodarzy 2022<\/h2><\/div>\n\t\t\t\t\t\t\t\t\t\t\t\t\t\t<\/div>\n\t\t\t<\/div>\n\t\t<\/div>\n\t\t\t\t<div class=\"slider-content\">\n\t\t\t<div class=\"slider-content-wrapper\">\n\t\t\t\t<div class=\"image-block_5\">\n\t\t\t\t\t\t\t\t\t\t\t<a data-id=\"44\" class=\"vyoutube origincode_videogallery_item group5\"\n\t\t\t\t\t\t   href=\"\/\/www.youtube.com\/embed\/http:\/\/nVbmXsC5MZA\"\n                           data-description=\"\"\n                           title=\"OPINIE Z GOSPODARSTW \">\n\t\t\t\t\t\t\t<img decoding=\"async\" src=\"\/\/img.youtube.com\/vi\/nVbmXsC5MZA\/mqdefault.jpg\" alt=\"OPINIE Z GOSPODARSTW \"\/>\n\t\t\t\t\t\t\t<div class=\"play-icon youtube-icon\"><\/div>\n\t\t\t\t\t\t<\/a>\n\t\t\t\t\t\t\t\t\t\t<\/div>\n\t\t\t\t<div class=\"right-block\">\n\t\t\t\t\t<div><h2 class=\"title\">OPINIE Z GOSPODARSTW <\/h2><\/div>\n\t\t\t\t\t\t\t\t\t\t\t\t\t\t<\/div>\n\t\t\t<\/div>\n\t\t<\/div>\n\t\t\t\t<div class=\"slider-content\">\n\t\t\t<div class=\"slider-content-wrapper\">\n\t\t\t\t<div class=\"image-block_5\">\n\t\t\t\t\t\t\t\t\t\t\t<a data-id=\"42\" class=\"vyoutube origincode_videogallery_item group5\"\n\t\t\t\t\t\t   href=\"\/\/www.youtube.com\/embed\/http:\/\/7d7tMhxcNes\"\n                           data-description=\"\"\n                           title=\"Gmina Bytnica, powiat kro\u015bnie\u0144ski\">\n\t\t\t\t\t\t\t<img decoding=\"async\" src=\"\/\/img.youtube.com\/vi\/7d7tMhxcNes\/mqdefault.jpg\" alt=\"Gmina Bytnica, powiat kro\u015bnie\u0144ski\"\/>\n\t\t\t\t\t\t\t<div class=\"play-icon youtube-icon\"><\/div>\n\t\t\t\t\t\t<\/a>\n\t\t\t\t\t\t\t\t\t\t<\/div>\n\t\t\t\t<div class=\"right-block\">\n\t\t\t\t\t<div><h2 class=\"title\">Gmina Bytnica, powiat kro\u015bnie\u0144ski<\/h2><\/div>\n\t\t\t\t\t\t\t\t\t\t\t\t\t\t<\/div>\n\t\t\t<\/div>\n\t\t<\/div>\n\t\t\t\t<div class=\"slider-content\">\n\t\t\t<div class=\"slider-content-wrapper\">\n\t\t\t\t<div class=\"image-block_5\">\n\t\t\t\t\t\t\t\t\t\t\t<a data-id=\"28\" class=\"vyoutube origincode_videogallery_item group5\"\n\t\t\t\t\t\t   href=\"\/\/www.youtube.com\/embed\/http:\/\/mk2r2KLsHFY\"\n                           data-description=\"\"\n                           title=\"Gmina Ryn, powiat gi\u017cycki\">\n\t\t\t\t\t\t\t<img decoding=\"async\" src=\"\/\/img.youtube.com\/vi\/mk2r2KLsHFY\/mqdefault.jpg\" alt=\"Gmina Ryn, powiat gi\u017cycki\"\/>\n\t\t\t\t\t\t\t<div class=\"play-icon youtube-icon\"><\/div>\n\t\t\t\t\t\t<\/a>\n\t\t\t\t\t\t\t\t\t\t<\/div>\n\t\t\t\t<div class=\"right-block\">\n\t\t\t\t\t<div><h2 class=\"title\">Gmina Ryn, powiat gi\u017cycki<\/h2><\/div>\n\t\t\t\t\t\t\t\t\t\t\t\t\t\t<\/div>\n\t\t\t<\/div>\n\t\t<\/div>\n\t\t\t\t<div class=\"slider-content\">\n\t\t\t<div class=\"slider-content-wrapper\">\n\t\t\t\t<div class=\"image-block_5\">\n\t\t\t\t\t\t\t\t\t\t\t<a data-id=\"24\" class=\"vyoutube origincode_videogallery_item group5\"\n\t\t\t\t\t\t   href=\"\/\/www.youtube.com\/embed\/http:\/\/O9LwdB6UIdo\"\n                           data-description=\"\"\n                           title=\"Gmina M\u0142ynarze, powiat makowski\">\n\t\t\t\t\t\t\t<img decoding=\"async\" src=\"\/\/img.youtube.com\/vi\/O9LwdB6UIdo\/mqdefault.jpg\" alt=\"Gmina M\u0142ynarze, powiat makowski\"\/>\n\t\t\t\t\t\t\t<div class=\"play-icon youtube-icon\"><\/div>\n\t\t\t\t\t\t<\/a>\n\t\t\t\t\t\t\t\t\t\t<\/div>\n\t\t\t\t<div class=\"right-block\">\n\t\t\t\t\t<div><h2 class=\"title\">Gmina M\u0142ynarze, powiat makowski<\/h2><\/div>\n\t\t\t\t\t\t\t\t\t\t\t\t\t\t<\/div>\n\t\t\t<\/div>\n\t\t<\/div>\n\t\t<\/div>\n<style>\n* {outline:none;}\n#main-slider_5 a{\n\tborder:none;\n\tbox-shadow: none !important;\n}\n#main-slider_5 {background:#F9F9F9;}\n\n#main-slider_5 div.slider-content {\n\tposition:relative;\n\twidth:100%;\n\tpadding:0 0 0 0;\n\tbackground:#F9F9F9;\n}\n\n[class$=\"-arrow\"] {\n\tbackground-image:url(https:\/\/www.kozackakukurydza.pl\/wp-content\/plugins\/smart-grid-gallery\/assets\/images\/admin_images\/arrow.dark.png) !important;\n}\n\n.ls-select-box {\n\tbackground:url(https:\/\/www.kozackakukurydza.pl\/wp-content\/plugins\/smart-grid-gallery\/assets\/images\/admin_images\/menu.dark.png) right center no-repeat #F9F9F9 !important;\n}\n\n#main-slider_5-nav-select {\n\tcolor:#C02121;\n}\n\n#main-slider_5 div.slider-content .slider-content-wrapper {\n\tposition:relative;\n\twidth:100%;\n\tpadding:0;\n\tdisplay:block;\n}\n\n#main-slider_5 .slider-content-wrapper .image-block_5 {\n\tposition:relative;\n\twidth:275px;\n\tdisplay:table-cell;\n\tpadding:0;\n\tfloat:left;\n\tmargin-right: 10px;\n}\n#main-slider_5 .slider-content-wrapper .image-block_5 a {\n\tposition: relative;\n\tdisplay: inline-block;\n}\n#main-slider_5 .slider-content-wrapper .image-block_5 img.main-image {\n\tposition:relative;\n\twidth:100%;\n\theight:auto;\n\tdisplay:block;\n}\n\n\n#main-slider_5 .slider-content-wrapper .image-block_5 .play-icon {\n\tposition:absolute;\n\ttop:0;\n\tleft:0;\n\twidth:100%;\n\theight:100%;\n}\n#main-slider_5 .slider-content-wrapper .image-block_5  .play-icon.youtube-icon {background:url(https:\/\/www.kozackakukurydza.pl\/wp-content\/plugins\/smart-grid-gallery\/assets\/images\/admin_images\/play.youtube.png) center center no-repeat;}\n#main-slider_5 .slider-content-wrapper .image-block_5  .play-icon.vimeo-icon {background:url(https:\/\/www.kozackakukurydza.pl\/wp-content\/plugins\/smart-grid-gallery\/assets\/images\/admin_images\/play.vimeo.png) center center no-repeat;}\n\n\n\n\n#main-slider_5 .slider-content-wrapper .right-block {\n\tdisplay:table-cell;\n}\n\n#main-slider_5 .slider-content-wrapper .right-block > div {\n\tpadding-bottom:10px;\n\tmargin-top:10px;\n\tbackground:url('https:\/\/www.kozackakukurydza.pl\/wp-content\/plugins\/smart-grid-gallery\/assets\/images\/admin_images\/divider.line.png') center bottom repeat-x;\n}\n#main-slider_5 .slider-content-wrapper .right-block > div:last-child {background:none;}\n\n\n#main-slider_5 .slider-content-wrapper .right-block .title {\n\tposition:relative;\n\tdisplay:block;\n\tmargin:-10px 0 0 0;\n\tfont-size:16px !important;\n\tline-height:16px !important;\n\tcolor:#C02121;\n}\n\n#main-slider_5 .slider-content-wrapper .right-block .description {\n\tclear:both;\n\tposition:relative;\n\tfont-weight:normal;\n\ttext-align:justify;\n\tfont-size:14px !important;\n\tline-height:14px !important;\n\tcolor:#555555;\n}\n\n#main-slider_5 .slider-content-wrapper .right-block .description h1,\n#main-slider_5 .slider-content-wrapper .right-block .description h2,\n#main-slider_5 .slider-content-wrapper .right-block .description h3,\n#main-slider_5 .slider-content-wrapper .right-block .description h4,\n#main-slider_5 .slider-content-wrapper .right-block .description h5,\n#main-slider_5 .slider-content-wrapper .right-block .description h6,\n#main-slider_5 .slider-content-wrapper .right-block .description p,\n#main-slider_5 .slider-content-wrapper .right-block .description strong,\n#main-slider_5 .slider-content-wrapper .right-block .description span {\n\tpadding:2px !important;\n\tmargin:0 !important;\n}\n\n#main-slider_5 .slider-content-wrapper .right-block .description ul,\n#main-slider_5 .slider-content-wrapper .right-block .description li {\n\tpadding:2px 0 2px 5px;\n\tmargin:0 0 0 8px;\n}\n\n\n\n#main-slider_5 .slider-content-wrapper .button-block {\n\tposition:relative;\n}\n\n#main-slider_5 .slider-content-wrapper .button-block a,#main-slider_5 .slider-content-wrapper .button-block a:link,#main-slider_5 .slider-content-wrapper .button-block a:visited{\n\tposition:relative;\n\tdisplay:inline-block;\n\tpadding:6px 12px;\n\tbackground:#FF2C2C;\n\tcolor:#FFFFFF;\n\tfont-size:14px;\n\ttext-decoration:none;\n}\n\n#main-slider_5 .slider-content-wrapper .button-block a:hover,#main-slider_5 .slider-content-wrapper .button-block a:focus,#main-slider_5 .slider-content-wrapper .button-block a:active {\n\tbackground:#C02121;\n\tcolor:#FFFFFF;\n}\n\n@media only screen and (min-width:500px) {\n\t#main-slider_5-nav-ul {\n\t\tvisibility:hidden !important;\n\t\theight:1px;\n\t}\n}\n\n@media only screen and (max-width:500px) {\n\t#main-slider_5 .slider-content-wrapper .image-block_5,#main-slider_5 .slider-content-wrapper .right-block {\n\t\twidth:100%;\n\t\tdisplay:block;\n\t\tfloat:none;\n\t\tclear:both;\n\t}\n}\n@media only screen and (max-width: 2000px) and (min-width: 500px) {\n    #main-slider_5 .slider-content-wrapper .image-block_5,#main-slider_5 .slider-content-wrapper .right-block {\n        width:100%;\n        display:block;\n        float:none;\n        clear:both;\n    }\n<\/style>\n<p>D\u017bEKHPOT ist eine weitere sehr fr\u00fche Getreidesorte mit sehr hohem Ertragspotenzial. In zahlreichen Tests, die im kalten Fr\u00fchjahr 2020 in Polen durchgef\u00fchrt wurden, zeichnete sie sich durch eine sehr hohe Anfangskonzentration aus. Die Pflanzen geben schnell Wasser ab und erreichen einen sehr niedrigen Feuchtigkeitsgehalt im Korn. Sie sind resistent gegen Einlagerung und hohe Lufttemperaturen.   <\/p>\n","protected":false},"featured_media":1367,"template":"","meta":{"ngg_post_thumbnail":0},"product_brand":[],"product_cat":[86],"product_tag":[113,116,108,102,112,104,117,106,120,121,109],"class_list":{"0":"post-1679","1":"product","2":"type-product","3":"status-publish","4":"has-post-thumbnail","6":"product_cat-mais-saatgut","7":"product_tag-bauer","8":"product_tag-die-saat","9":"product_tag-dungemittel","10":"product_tag-kosaken-mais","11":"product_tag-landwirtschaft","12":"product_tag-mais","13":"product_tag-maisanbau","14":"product_tag-maissamen","15":"product_tag-pflanze","16":"product_tag-pflanzenschutzmittel","17":"product_tag-spritzgerat","18":"tm-no-options","20":"first","21":"instock","22":"taxable","23":"shipping-taxable","24":"purchasable","25":"product-type-simple"},"acf":[],"_links":{"self":[{"href":"https:\/\/www.kozackakukurydza.pl\/de\/wp-json\/wp\/v2\/product\/1679","targetHints":{"allow":["GET"]}}],"collection":[{"href":"https:\/\/www.kozackakukurydza.pl\/de\/wp-json\/wp\/v2\/product"}],"about":[{"href":"https:\/\/www.kozackakukurydza.pl\/de\/wp-json\/wp\/v2\/types\/product"}],"wp:featuredmedia":[{"embeddable":true,"href":"https:\/\/www.kozackakukurydza.pl\/de\/wp-json\/wp\/v2\/media\/1367"}],"wp:attachment":[{"href":"https:\/\/www.kozackakukurydza.pl\/de\/wp-json\/wp\/v2\/media?parent=1679"}],"wp:term":[{"taxonomy":"product_brand","embeddable":true,"href":"https:\/\/www.kozackakukurydza.pl\/de\/wp-json\/wp\/v2\/product_brand?post=1679"},{"taxonomy":"product_cat","embeddable":true,"href":"https:\/\/www.kozackakukurydza.pl\/de\/wp-json\/wp\/v2\/product_cat?post=1679"},{"taxonomy":"product_tag","embeddable":true,"href":"https:\/\/www.kozackakukurydza.pl\/de\/wp-json\/wp\/v2\/product_tag?post=1679"}],"curies":[{"name":"wp","href":"https:\/\/api.w.org\/{rel}","templated":true}]}}