{"id":1680,"date":"2013-08-10T09:34:34","date_gmt":"2013-08-10T07:34:34","guid":{"rendered":"https:\/\/www.kozackakukurydza.pl\/produkt\/splav-fao-290-saat-80-tausend-samen\/"},"modified":"2022-02-15T21:26:50","modified_gmt":"2022-02-15T20:26:50","slug":"splav-fao-290-saat","status":"publish","type":"product","link":"https:\/\/www.kozackakukurydza.pl\/de\/produkt\/splav-fao-290-saat\/","title":{"rendered":"Splav FAO 290 (SAAT) 80 Tausend Samen"},"content":{"rendered":"<h3>EIGENSCHAFTEN:<\/h3>\n<p>FAO &#8211; 290 (SAAT)<br \/>\nWiderstandsf\u00e4higkeit gegen Trockenheit &#8211; 8\/10<br \/>\nHitzevertr\u00e4glichkeit &#8211; 8\/10<br \/>\nRESISTENZ Kn\u00f6llchenbildung &#8211; 8\/10<br \/>\nStaubkopf RESISTENZ &#8211; 8\/10<br \/>\nResistenz gegen den Europ\u00e4ischen Maisz\u00fcnsler &#8211; 7\/10<br \/>\nRESISTENZ gegen\u00fcber der Unterkunft &#8211; 8\/10<br \/>\nKornertragspotential &#8211; 170<br \/>\nSilageertragspotenzial &#8211; 385<br \/>\nK\u00e4ltetoleranz &#8211; durchschnittlich<br \/>\nVitalit\u00e4t &#8211; mittel<br \/>\ngr\u00fcn bleiben &#8211; wysoki<br \/>\nWasserentnahme &#8211; hoch<br \/>\nmin. Aussaat Bodentemperatur- 10-12C<br \/>\nPflanzenh\u00f6he &#8211; hoch<br \/>\nZweifarben-Index &#8211; mittelm\u00e4\u00dfig<br \/>\nAnzahl der Zeilen &#8211; 14-16<br \/>\nKorntyp &#8211; eingedr\u00fcckt<br \/>\nKornfarbe &#8211; gelb<\/p>\n<h3>FERTILISER (ausgezeichneter Schutz und Mikron\u00e4hrstoffe f\u00fcr einen schnellen Start als Standard):<\/h3>\n<p>FUNGIZID:<\/p>\n<p>Saatgut, das mit dem Zweikomponentenm\u00f6rtel REDIGO M 120 FS von BAYER behandelt wurde. Der Verband hat folgende Zusammensetzung: Prothioconazol (eine Verbindung aus der Gruppe der Triazole) &#8211; 100 g\/l, Metalaxyl (eine Verbindung aus der Gruppe der Phenylamide) &#8211; 20 g\/l. <\/p>\n<p>MIKROELEMETERN:<\/p>\n<p>Das Saatgut wird zus\u00e4tzlich mit dem hochwertigen Mikroelement-Dressing QUANTUM ULTRACOMPLEX behandelt. Das Dressing enth\u00e4lt Stickstoff, Phosphor, Kalium und einen Komplex von Mikroelementen: Bor, Molybd\u00e4n, Zink, Mangan, Eisen und Kupfer in Form von EDTA-Chelaten. <\/p>\n<div class=\"o9v6fnle cxmmr5t8 oygrvhab hcukyx3x c1et5uql ii04i59q\">\n<div dir=\"auto\">1 Aussaateinheit mit 80 Tausend Samen<\/div>\n<div dir=\"auto\">&nbsp;<\/div>\n<\/div>\n<div class=\"o9v6fnle cxmmr5t8 oygrvhab hcukyx3x c1et5uql ii04i59q\">\n<div dir=\"auto\">Mengenrabatt<\/div>\n<div dir=\"auto\">11-21 &#8211; 1%<\/div>\n<div dir=\"auto\">22-42 &#8211; 2%<\/div>\n<div dir=\"auto\">43-63 &#8211; 3%<\/div>\n<div dir=\"auto\">&gt;64 j.s. fragen Sie einen Berater<\/div>\n<\/div>\n<div class=\"o9v6fnle cxmmr5t8 oygrvhab hcukyx3x c1et5uql ii04i59q\">\n<div dir=\"auto\">&nbsp;<\/div>\n<\/div>\n<div class=\"o9v6fnle cxmmr5t8 oygrvhab hcukyx3x c1et5uql ii04i59q\">\n<div dir=\"auto\">MAISANBAU EINE GRUPPE VON PROFIS &#8211; wir reduzieren Kosten<\/div>\n<div dir=\"auto\"><a class=\"oajrlxb2 g5ia77u1 qu0x051f esr5mh6w e9989ue4 r7d6kgcz rq0escxv nhd2j8a9 nc684nl6 p7hjln8o kvgmc6g5 cxmmr5t8 oygrvhab hcukyx3x jb3vyjys rz4wbd8a qt6c0cv9 a8nywdso i1ao9s8h esuyzwwr f1sip0of lzcic4wl q66pz984 gpro0wi8 b1v8xokw\" tabindex=\"0\" role=\"link\" href=\"https:\/\/www.facebook.com\/groups\/313713263436684\/?__cft__%5B0%5D=AZXgW6lPkJtt26rhw8YMB3pwHKkhbjpafW63zD-f3x2fAAJfspWTreAxCPWuWPNy7AnL-5D1oQTFwfYNkJka7Cmew3JZLLYhQN0ImQiYjsxABQw8LlIg_Nv2CrJZTEQInISCLFsj9hRDl_WT2ONTjYxaKn0Hs8yiJUow5VMeH1b6VQ&amp;__tn__=-UK-R\"><span class=\"nc684nl6\">https:\/\/www.facebook.com\/groups\/313713263436684\/<\/span><\/a><\/div>\n<\/div>\n<div class=\"o9v6fnle cxmmr5t8 oygrvhab hcukyx3x c1et5uql ii04i59q\">\n<div dir=\"auto\">&nbsp;<\/div>\n<div dir=\"auto\">Lieferung per Kurier bis zu Ihrer Haust\u00fcr.<\/div>\n<div dir=\"auto\">Auftr\u00e4ge: <a class=\"oajrlxb2 g5ia77u1 qu0x051f esr5mh6w e9989ue4 r7d6kgcz rq0escxv nhd2j8a9 nc684nl6 p7hjln8o kvgmc6g5 cxmmr5t8 oygrvhab hcukyx3x jb3vyjys rz4wbd8a qt6c0cv9 a8nywdso i1ao9s8h esuyzwwr f1sip0of lzcic4wl py34i1dx gpro0wi8\" tabindex=\"0\" role=\"link\" href=\"http:\/\/www.kozackakukurydza.pl\/?fbclid=IwAR3vISvdHr2Hyji1OFdyukcNsn9tTd76bBbZH2qiU6B0C0qnQGd0NIbIMpg\" target=\"_blank\" rel=\"nofollow noopener noreferrer\">www.kozackakukurydza.pl\/de<\/a><\/div>\n<\/div>\n","protected":false},"excerpt":{"rendered":"<p>ab 1. Februar 2022 Saatgut um den Wert der Mehrwertsteuer g\u00fcnstiger (MwSt.-Satz &#8211; 0%) Bruttopreis<\/p>\n<p>SCHREIBEN SIE IN DEN KOMMENTAREN, WANN WIR DAS SAATGUT LIEFERN SOLLEN<\/p>\n<p>Splav ist eine neue Getreidesorte auf dem polnischen Markt, die ein sehr hohes Ertragspotenzial aufweist. Die Pflanzen zeichnen sich durch kr\u00e4ftige Kolben und ein hohes Korngewicht aus. Splav gibt sehr schnell Wasser ab. Ideal f\u00fcr den Anbau in S\u00fcdpolen, auf allen Bodenarten.   <\/p>\n","protected":false},"featured_media":1367,"template":"","meta":{"ngg_post_thumbnail":0},"product_brand":[],"product_cat":[86],"product_tag":[113,116,108,102,112,104,117,106,120,121,109],"class_list":{"0":"post-1680","1":"product","2":"type-product","3":"status-publish","4":"has-post-thumbnail","6":"product_cat-mais-saatgut","7":"product_tag-bauer","8":"product_tag-die-saat","9":"product_tag-dungemittel","10":"product_tag-kosaken-mais","11":"product_tag-landwirtschaft","12":"product_tag-mais","13":"product_tag-maisanbau","14":"product_tag-maissamen","15":"product_tag-pflanze","16":"product_tag-pflanzenschutzmittel","17":"product_tag-spritzgerat","18":"tm-no-options","20":"first","21":"outofstock","22":"taxable","23":"shipping-taxable","24":"purchasable","25":"product-type-simple"},"acf":[],"_links":{"self":[{"href":"https:\/\/www.kozackakukurydza.pl\/de\/wp-json\/wp\/v2\/product\/1680","targetHints":{"allow":["GET"]}}],"collection":[{"href":"https:\/\/www.kozackakukurydza.pl\/de\/wp-json\/wp\/v2\/product"}],"about":[{"href":"https:\/\/www.kozackakukurydza.pl\/de\/wp-json\/wp\/v2\/types\/product"}],"wp:featuredmedia":[{"embeddable":true,"href":"https:\/\/www.kozackakukurydza.pl\/de\/wp-json\/wp\/v2\/media\/1367"}],"wp:attachment":[{"href":"https:\/\/www.kozackakukurydza.pl\/de\/wp-json\/wp\/v2\/media?parent=1680"}],"wp:term":[{"taxonomy":"product_brand","embeddable":true,"href":"https:\/\/www.kozackakukurydza.pl\/de\/wp-json\/wp\/v2\/product_brand?post=1680"},{"taxonomy":"product_cat","embeddable":true,"href":"https:\/\/www.kozackakukurydza.pl\/de\/wp-json\/wp\/v2\/product_cat?post=1680"},{"taxonomy":"product_tag","embeddable":true,"href":"https:\/\/www.kozackakukurydza.pl\/de\/wp-json\/wp\/v2\/product_tag?post=1680"}],"curies":[{"name":"wp","href":"https:\/\/api.w.org\/{rel}","templated":true}]}}