{"id":6389,"date":"2024-11-14T10:54:30","date_gmt":"2024-11-14T09:54:30","guid":{"rendered":"https:\/\/www.kozackakukurydza.pl\/?post_type=product&#038;p=6389"},"modified":"2026-02-27T11:36:03","modified_gmt":"2026-02-27T10:36:03","slug":"epos-fao-190-80-tys-nasion","status":"publish","type":"product","link":"https:\/\/www.kozackakukurydza.pl\/de\/produkt\/epos-fao-190-80-tys-nasion\/","title":{"rendered":"EPOS FAO 190 80 ty\u015b nasion"},"content":{"rendered":"<p>CHARAKTERYSTYKA:<\/p>\n<p>ODPORNO\u015a\u0106 na susz\u0119 9<br \/>\nODPORNO\u015a\u0106 g\u0142ownia guzowata 9<br \/>\nODPORNO\u015a\u0106 g\u0142ownia pyl\u0105ca 9<br \/>\nODPORNO\u015a\u0106 omacnica prosowianka 9<br \/>\nODPORNO\u015a\u0106 na wyleganie 9<\/p>\n<p>tolerancja na ch\u0142ody 8<br \/>\nwigor pocz\u0105tkowy 9<br \/>\nstay green 9<br \/>\noddawanie wody 9<br \/>\nwysoko\u015b\u0107 ro\u015blin 8<br \/>\nwska\u017anik na dwukolbowo\u015b\u0107 5<\/p>\n<p>min. temp. gleby do siewu &#8211; 9\u00b0C<br \/>\nliczba rz\u0119d\u00f3w &#8211; 14-16<br \/>\ntyp ziarna &#8211; semi dent<br \/>\ntyp kolby &#8211; flex<br \/>\nkolor ziarna &#8211; \u017c\u00f3\u0142to-czerwony<\/p>\n<p>warto\u015bc \u017cywieniowa:<br \/>\nskrobia 8<br \/>\ndNDF 7<\/p>\n<p>ZAPRAWA (doskona\u0142a ochrona i mikroelemety na szybki start w standardzie):<\/p>\n<p>FUNGICYD:<\/p>\n<p>Nasiona zaprawione dwusk\u0142adnikow\u0105 zapraw\u0105 REDIGO M 120 FS firmy BAYER. Zaprawa ma w sk\u0142adzie: protiokonazol (zwi\u0105zek z grupy triazoli) &#8211; 100 g\/l, metalaksyl (zwi\u0105zek z grupy fenyloamid\u00f3w) &#8211; 20 g\/l.<\/p>\n<p>MIKROELEMETY:<\/p>\n<p>Nasiona s\u0105 dodatkowo zaprawione najwy\u017cszej jako\u015bci zapraw\u0105 mikroelementow\u0105 QUANTUM ULTRACOMPLEX. W sk\u0142ad zaprawy wchodzi azot, fosfor, potas oraz kompleks mikroelement\u00f3w: bor, molibden, cynk, mangan, \u017celazo i mied\u017a w formie chelatu EDTA.<\/p>\n<p>ZAPRAWA DODATKOWA:<br \/>\nKORIT 420 FS<\/p>\n<p>FORCE&nbsp;<br \/>\nKORIT + FORCE&nbsp;<\/p>\n","protected":false},"excerpt":{"rendered":"<div class=\"opinie-youtube\">\n<p>Zobacz opinie naszych zadowolonych klient\u00f3w:<\/p>\n\r\n<style>\r\n.wpgp--youtube-gallery {\r\n\tmax-width: 900px;\r\n\tmargin: 0 auto;\r\n}\r\n.swiper-slide {\r\n\tbackground-position: center;\r\n\tbackground-size: contain;\r\n\tbackground-repeat: no-repeat;\r\n\tcursor: pointer;\r\n\theight: auto !important;\r\n\tbackground: aliceblue;\r\n}\r\n.wpgpyt-single-slide-wrap {\r\n\tbox-shadow: rgba(0, 0, 0, 0.02) 0px 1px 3px 0px, rgba(27, 31, 35, 0.15) 0px 0px 0px 1px;\r\n\tmargin: 1px;\r\n\theight: calc(100% - 2px);\r\n}\r\n.wpgpyg--wrapper {\r\n\tbackground: rgba(0,0,0,0.55);\r\n\twidth: 50px;\r\n\theight: 24px;\r\n\tborder-radius: 5px;\r\n\tpadding-top: 10px;\r\n\tmargin-top: -10px;\r\n\tposition: absolute;\r\n\ttop: 50%;\r\n\tleft: 50%;\r\n\t-webkit-transform: translate(-50%);\r\n\t-ms-transform: translate(-50%);\r\n\ttransform: translate(-50%);\r\n}\r\n.swiper-slide:hover .wpgpyg--wrapper {\r\n\tbackground: #cd201f;\r\n}\r\n.wpgpyg--tri {\r\n\twidth: 0;\r\n\theight: 0;\r\n\tborder-style: solid;\r\n\tborder-width: 7px 0 7px 14px;\r\n\tborder-color: transparent transparent transparent #ffffff;\r\n\tmargin: 0 auto;\r\n}\r\n.swiper-pagination {\r\n\tposition: relative !important;\r\n}\r\n.swiper-pagination .swiper-pagination-bullet{\r\n\tmargin: 0 3px;\r\n}\r\n.wpgp--video-container {\r\n\toverflow: hidden;\r\n\tposition: relative;\r\n\tpadding-bottom: 15px;\r\n\tmargin: 0 auto;\r\n\tmargin-bottom: 10px;\r\n}\r\n.wpgp--video-container::after {\r\n\tpadding-top: 56.25%;\r\n\tdisplay: block;\r\n\tcontent: '';\r\n}\r\n.wpgp--video-container iframe {\r\n\tposition: absolute;\r\n\ttop: 0;\r\n\tleft: 0;\r\n\twidth: 100%;\r\n\theight: 100%;\r\n}\r\n.swiper-slide img {\r\n\twidth: 100%;\r\n\theight: auto;\r\n\tdisplay: block;\r\n}\r\n.wpgpyt-slider-thumb {\r\n\tposition: relative;\r\n}\r\n.swiper-slide .wpgpyg-vid-title {\r\n\tmargin: 0;\r\n\tfont-size: 17px;\r\n\tline-height: 20px;\r\n\tfont-weight: bold;\r\n}\r\n.swiper-slide .wpgpyg-vid-desc {\r\n\tmargin: 0;\r\n\tpadding-top: 10px;\r\n}\r\n.wpgpyt-slider-inner-content {\r\n\tpadding: 10px;\r\n}\r\n\r\n\/* Pagination Navigation *\/\r\n.swiper-button-prev, .swiper-button-next {color: #f44336;}\r\n.swiper-container:hover .swiper-button-prev,\r\n.swiper-container:hover .swiper-button-next {\r\n\theight: 100%;\r\n\ttop: 0;\r\n\tbackground: rgb(0 0 0 \/ 30%);\r\n\tmargin-top: 0;\r\n\tright: 0;\r\n\twidth: 44px;\r\n}\r\n.swiper-container:hover .swiper-button-prev {\r\n\tleft: 0;\r\n}\r\n.swiper-pagination-bullet-active {\r\n\tbackground: #f44336;\r\n}\r\n<\/style>\r\n<!-- Swiper -->\r\n<div id=\"wpgp--youtube-gallery-4211\" class=\"wpgp--youtube-gallery\">\r\n\t<div class=\"wpgp--video-container\">\r\n\t\t<iframe loading=\"lazy\" width=\"560\" height=\"315\" src=\"https:\/\/www.youtube.com\/embed\/Zp43zu4K1i0\" frameborder=\"0\" allow=\"accelerometer; autoplay; encrypted-media; gyroscope; picture-in-picture\" allowfullscreen><\/iframe>\r\n\t<\/div>\r\n\t<div class=\"swiper-container\">\r\n\t\t<div class=\"swiper-wrapper\">\r\n\t\t\t\t\t<div class=\"swiper-slide\" data-video-id=\"Zp43zu4K1i0\">\r\n\t\t\t\t<div class=\"wpgpyt-single-slide-wrap\">\r\n\t\t\t\t\t<div class=\"wpgpyt-slider-thumb\">\r\n\t\t\t\t\t\t<img decoding=\"async\" src=\"https:\/\/i.ytimg.com\/vi\/Zp43zu4K1i0\/hqdefault.jpg\" alt=\"Opinie Gospodarzy 2024\" \/>\r\n\t\t\t\t\t\t<div class=\"wpgpyg--wrapper\">\r\n\t\t\t\t\t\t\t<div class=\"wpgpyg--tri\"><\/div>\r\n\t\t\t\t\t\t<\/div>\r\n\t\t\t\t\t<\/div>\r\n\t\t\t\t\t<div class=\"wpgpyt-slider-inner-content\">\r\n\t\t\t\t\t\t<h3 class=\"wpgpyg-vid-title\">Opinie Gospodarzy 2024<\/h3>\t\t\t\t\t<\/div>\r\n\t\t\t\t<\/div>\r\n\t\t\t<\/div>\r\n\t\t\t\t\t\t<div class=\"swiper-slide\" data-video-id=\"Fd1zH7kTWrw\">\r\n\t\t\t\t<div class=\"wpgpyt-single-slide-wrap\">\r\n\t\t\t\t\t<div class=\"wpgpyt-slider-thumb\">\r\n\t\t\t\t\t\t<img decoding=\"async\" src=\"https:\/\/i.ytimg.com\/vi\/Fd1zH7kTWrw\/hqdefault.jpg\" alt=\"opinie Gospodarzy wojew\u00f3dztwo podlaskie\/kukurydza 2023\" \/>\r\n\t\t\t\t\t\t<div class=\"wpgpyg--wrapper\">\r\n\t\t\t\t\t\t\t<div class=\"wpgpyg--tri\"><\/div>\r\n\t\t\t\t\t\t<\/div>\r\n\t\t\t\t\t<\/div>\r\n\t\t\t\t\t<div class=\"wpgpyt-slider-inner-content\">\r\n\t\t\t\t\t\t<h3 class=\"wpgpyg-vid-title\">opinie Gospodarzy wojew\u00f3dztwo podlaskie\/kukurydza 2023<\/h3>\t\t\t\t\t<\/div>\r\n\t\t\t\t<\/div>\r\n\t\t\t<\/div>\r\n\t\t\t\t\t\t<div class=\"swiper-slide\" data-video-id=\"i6Z1CAGCKrk\">\r\n\t\t\t\t<div class=\"wpgpyt-single-slide-wrap\">\r\n\t\t\t\t\t<div class=\"wpgpyt-slider-thumb\">\r\n\t\t\t\t\t\t<img decoding=\"async\" src=\"https:\/\/i.ytimg.com\/vi\/i6Z1CAGCKrk\/hqdefault.jpg\" alt=\"opinie Gospodarzy wojew\u00f3dztwo mazowieckie\/kukurydza 2023\" \/>\r\n\t\t\t\t\t\t<div class=\"wpgpyg--wrapper\">\r\n\t\t\t\t\t\t\t<div class=\"wpgpyg--tri\"><\/div>\r\n\t\t\t\t\t\t<\/div>\r\n\t\t\t\t\t<\/div>\r\n\t\t\t\t\t<div class=\"wpgpyt-slider-inner-content\">\r\n\t\t\t\t\t\t<h3 class=\"wpgpyg-vid-title\">opinie Gospodarzy wojew\u00f3dztwo mazowieckie\/kukurydza 2023<\/h3>\t\t\t\t\t<\/div>\r\n\t\t\t\t<\/div>\r\n\t\t\t<\/div>\r\n\t\t\t\t\t\t<div class=\"swiper-slide\" data-video-id=\"oMRcg5Ue7QM\">\r\n\t\t\t\t<div class=\"wpgpyt-single-slide-wrap\">\r\n\t\t\t\t\t<div class=\"wpgpyt-slider-thumb\">\r\n\t\t\t\t\t\t<img decoding=\"async\" src=\"https:\/\/i.ytimg.com\/vi\/oMRcg5Ue7QM\/hqdefault.jpg\" alt=\"Opinie Gospodarzy wojew\u00f3dztwo \u0142\u00f3dzkie\/kukurydza 2023\" \/>\r\n\t\t\t\t\t\t<div class=\"wpgpyg--wrapper\">\r\n\t\t\t\t\t\t\t<div class=\"wpgpyg--tri\"><\/div>\r\n\t\t\t\t\t\t<\/div>\r\n\t\t\t\t\t<\/div>\r\n\t\t\t\t\t<div class=\"wpgpyt-slider-inner-content\">\r\n\t\t\t\t\t\t<h3 class=\"wpgpyg-vid-title\">Opinie Gospodarzy wojew\u00f3dztwo \u0142\u00f3dzkie\/kukurydza 2023<\/h3>\t\t\t\t\t<\/div>\r\n\t\t\t\t<\/div>\r\n\t\t\t<\/div>\r\n\t\t\t\t\t\t<div class=\"swiper-slide\" data-video-id=\"NgcflKQtHAc\">\r\n\t\t\t\t<div class=\"wpgpyt-single-slide-wrap\">\r\n\t\t\t\t\t<div class=\"wpgpyt-slider-thumb\">\r\n\t\t\t\t\t\t<img decoding=\"async\" src=\"https:\/\/i.ytimg.com\/vi\/NgcflKQtHAc\/hqdefault.jpg\" alt=\"opinie Gospodarzy wojew\u00f3dztwo wielkopolskie\/kukurydza 2023\" \/>\r\n\t\t\t\t\t\t<div class=\"wpgpyg--wrapper\">\r\n\t\t\t\t\t\t\t<div class=\"wpgpyg--tri\"><\/div>\r\n\t\t\t\t\t\t<\/div>\r\n\t\t\t\t\t<\/div>\r\n\t\t\t\t\t<div class=\"wpgpyt-slider-inner-content\">\r\n\t\t\t\t\t\t<h3 class=\"wpgpyg-vid-title\">opinie Gospodarzy wojew\u00f3dztwo wielkopolskie\/kukurydza 2023<\/h3>\t\t\t\t\t<\/div>\r\n\t\t\t\t<\/div>\r\n\t\t\t<\/div>\r\n\t\t\t\t\t\t<div class=\"swiper-slide\" data-video-id=\"qk-ZfqVlpVA\">\r\n\t\t\t\t<div class=\"wpgpyt-single-slide-wrap\">\r\n\t\t\t\t\t<div class=\"wpgpyt-slider-thumb\">\r\n\t\t\t\t\t\t<img decoding=\"async\" src=\"https:\/\/i.ytimg.com\/vi\/qk-ZfqVlpVA\/hqdefault.jpg\" alt=\"opinie Gospodarzy wojew\u00f3dztwo ma\u0142opolskie \/ kukurydza 2023\" \/>\r\n\t\t\t\t\t\t<div class=\"wpgpyg--wrapper\">\r\n\t\t\t\t\t\t\t<div class=\"wpgpyg--tri\"><\/div>\r\n\t\t\t\t\t\t<\/div>\r\n\t\t\t\t\t<\/div>\r\n\t\t\t\t\t<div class=\"wpgpyt-slider-inner-content\">\r\n\t\t\t\t\t\t<h3 class=\"wpgpyg-vid-title\">opinie Gospodarzy wojew\u00f3dztwo ma\u0142opolskie \/ kukurydza 2023<\/h3>\t\t\t\t\t<\/div>\r\n\t\t\t\t<\/div>\r\n\t\t\t<\/div>\r\n\t\t\t\t\t\t<div class=\"swiper-slide\" data-video-id=\"-02Tf6Xn_rI\">\r\n\t\t\t\t<div class=\"wpgpyt-single-slide-wrap\">\r\n\t\t\t\t\t<div class=\"wpgpyt-slider-thumb\">\r\n\t\t\t\t\t\t<img decoding=\"async\" src=\"https:\/\/i.ytimg.com\/vi\/-02Tf6Xn_rI\/hqdefault.jpg\" alt=\"opinie Gospodarzy z wojew\u00f3dztwa dolno\u015bl\u0105skiego i \u015bl\u0105skiego \/ kukurydza 2023\" \/>\r\n\t\t\t\t\t\t<div class=\"wpgpyg--wrapper\">\r\n\t\t\t\t\t\t\t<div class=\"wpgpyg--tri\"><\/div>\r\n\t\t\t\t\t\t<\/div>\r\n\t\t\t\t\t<\/div>\r\n\t\t\t\t\t<div class=\"wpgpyt-slider-inner-content\">\r\n\t\t\t\t\t\t<h3 class=\"wpgpyg-vid-title\">opinie Gospodarzy z wojew\u00f3dztwa dolno\u015bl\u0105skiego i \u015bl\u0105skiego \/ kukurydza 2023<\/h3>\t\t\t\t\t<\/div>\r\n\t\t\t\t<\/div>\r\n\t\t\t<\/div>\r\n\t\t\t\t\t\t<div class=\"swiper-slide\" data-video-id=\"MYCx6Rj-yOo\">\r\n\t\t\t\t<div class=\"wpgpyt-single-slide-wrap\">\r\n\t\t\t\t\t<div class=\"wpgpyt-slider-thumb\">\r\n\t\t\t\t\t\t<img decoding=\"async\" src=\"https:\/\/i.ytimg.com\/vi\/MYCx6Rj-yOo\/hqdefault.jpg\" alt=\"opinie Gospodarzy wojew\u00f3dztwo \u015bwi\u0119tokrzyskie \/ kukurydza 2023\" \/>\r\n\t\t\t\t\t\t<div class=\"wpgpyg--wrapper\">\r\n\t\t\t\t\t\t\t<div class=\"wpgpyg--tri\"><\/div>\r\n\t\t\t\t\t\t<\/div>\r\n\t\t\t\t\t<\/div>\r\n\t\t\t\t\t<div class=\"wpgpyt-slider-inner-content\">\r\n\t\t\t\t\t\t<h3 class=\"wpgpyg-vid-title\">opinie Gospodarzy wojew\u00f3dztwo \u015bwi\u0119tokrzyskie \/ kukurydza 2023<\/h3>\t\t\t\t\t<\/div>\r\n\t\t\t\t<\/div>\r\n\t\t\t<\/div>\r\n\t\t\t\t\t\t<div class=\"swiper-slide\" data-video-id=\"yKOznRNiEGQ\">\r\n\t\t\t\t<div class=\"wpgpyt-single-slide-wrap\">\r\n\t\t\t\t\t<div class=\"wpgpyt-slider-thumb\">\r\n\t\t\t\t\t\t<img decoding=\"async\" src=\"https:\/\/i.ytimg.com\/vi\/yKOznRNiEGQ\/hqdefault.jpg\" alt=\"opinie Gospodarzy wojew\u00f3dztwo opolskie \/ kukurydza 2023\" \/>\r\n\t\t\t\t\t\t<div class=\"wpgpyg--wrapper\">\r\n\t\t\t\t\t\t\t<div class=\"wpgpyg--tri\"><\/div>\r\n\t\t\t\t\t\t<\/div>\r\n\t\t\t\t\t<\/div>\r\n\t\t\t\t\t<div class=\"wpgpyt-slider-inner-content\">\r\n\t\t\t\t\t\t<h3 class=\"wpgpyg-vid-title\">opinie Gospodarzy wojew\u00f3dztwo opolskie \/ kukurydza 2023<\/h3>\t\t\t\t\t<\/div>\r\n\t\t\t\t<\/div>\r\n\t\t\t<\/div>\r\n\t\t\t\t\t\t<div class=\"swiper-slide\" data-video-id=\"tjG6QyuallM\">\r\n\t\t\t\t<div class=\"wpgpyt-single-slide-wrap\">\r\n\t\t\t\t\t<div class=\"wpgpyt-slider-thumb\">\r\n\t\t\t\t\t\t<img decoding=\"async\" src=\"https:\/\/i.ytimg.com\/vi\/tjG6QyuallM\/hqdefault.jpg\" alt=\"opinie Gospodarzy wojew\u00f3dztwo lubelskie\/kukurydza 2023\" \/>\r\n\t\t\t\t\t\t<div class=\"wpgpyg--wrapper\">\r\n\t\t\t\t\t\t\t<div class=\"wpgpyg--tri\"><\/div>\r\n\t\t\t\t\t\t<\/div>\r\n\t\t\t\t\t<\/div>\r\n\t\t\t\t\t<div class=\"wpgpyt-slider-inner-content\">\r\n\t\t\t\t\t\t<h3 class=\"wpgpyg-vid-title\">opinie Gospodarzy wojew\u00f3dztwo lubelskie\/kukurydza 2023<\/h3>\t\t\t\t\t<\/div>\r\n\t\t\t\t<\/div>\r\n\t\t\t<\/div>\r\n\t\t\t\t\t\t<div class=\"swiper-slide\" data-video-id=\"uZCRIMHoHi4\">\r\n\t\t\t\t<div class=\"wpgpyt-single-slide-wrap\">\r\n\t\t\t\t\t<div class=\"wpgpyt-slider-thumb\">\r\n\t\t\t\t\t\t<img decoding=\"async\" src=\"https:\/\/i.ytimg.com\/vi\/uZCRIMHoHi4\/hqdefault.jpg\" alt=\"opinie Gospodarzy wojew\u00f3dztwo podkarpackie\/kukurydza 2023\" \/>\r\n\t\t\t\t\t\t<div class=\"wpgpyg--wrapper\">\r\n\t\t\t\t\t\t\t<div class=\"wpgpyg--tri\"><\/div>\r\n\t\t\t\t\t\t<\/div>\r\n\t\t\t\t\t<\/div>\r\n\t\t\t\t\t<div class=\"wpgpyt-slider-inner-content\">\r\n\t\t\t\t\t\t<h3 class=\"wpgpyg-vid-title\">opinie Gospodarzy wojew\u00f3dztwo podkarpackie\/kukurydza 2023<\/h3>\t\t\t\t\t<\/div>\r\n\t\t\t\t<\/div>\r\n\t\t\t<\/div>\r\n\t\t\t\t\t\t<div class=\"swiper-slide\" data-video-id=\"sjLqXAN2oqc\">\r\n\t\t\t\t<div class=\"wpgpyt-single-slide-wrap\">\r\n\t\t\t\t\t<div class=\"wpgpyt-slider-thumb\">\r\n\t\t\t\t\t\t<img decoding=\"async\" src=\"https:\/\/i.ytimg.com\/vi\/sjLqXAN2oqc\/hqdefault.jpg\" alt=\"Kozacka Kukurydza opinie Gospodarzy 2022\" \/>\r\n\t\t\t\t\t\t<div class=\"wpgpyg--wrapper\">\r\n\t\t\t\t\t\t\t<div class=\"wpgpyg--tri\"><\/div>\r\n\t\t\t\t\t\t<\/div>\r\n\t\t\t\t\t<\/div>\r\n\t\t\t\t\t<div class=\"wpgpyt-slider-inner-content\">\r\n\t\t\t\t\t\t<h3 class=\"wpgpyg-vid-title\">Kozacka Kukurydza opinie Gospodarzy 2022<\/h3>\t\t\t\t\t<\/div>\r\n\t\t\t\t<\/div>\r\n\t\t\t<\/div>\r\n\t\t\t\t\t\t<div class=\"swiper-slide\" data-video-id=\"76BiEdAUdFM\">\r\n\t\t\t\t<div class=\"wpgpyt-single-slide-wrap\">\r\n\t\t\t\t\t<div class=\"wpgpyt-slider-thumb\">\r\n\t\t\t\t\t\t<img decoding=\"async\" src=\"https:\/\/i.ytimg.com\/vi\/76BiEdAUdFM\/hqdefault.jpg\" alt=\"podsumowanie sezonu upraw kukurydzy w Polsce w 2023 roku\" \/>\r\n\t\t\t\t\t\t<div class=\"wpgpyg--wrapper\">\r\n\t\t\t\t\t\t\t<div class=\"wpgpyg--tri\"><\/div>\r\n\t\t\t\t\t\t<\/div>\r\n\t\t\t\t\t<\/div>\r\n\t\t\t\t\t<div class=\"wpgpyt-slider-inner-content\">\r\n\t\t\t\t\t\t<h3 class=\"wpgpyg-vid-title\">podsumowanie sezonu upraw kukurydzy w Polsce w 2023 roku<\/h3>\t\t\t\t\t<\/div>\r\n\t\t\t\t<\/div>\r\n\t\t\t<\/div>\r\n\t\t\t\t\t<\/div>\r\n\r\n\t\t<!-- Add Arrows -->\r\n\t\t<div class=\"swiper-button-next\"><\/div>\r\n\t\t<div class=\"swiper-button-prev\"><\/div>\r\n\t<\/div>\r\n\t<!-- Add Pagination -->\r\n\t<div class=\"swiper-pagination\"><\/div>\r\n<\/div>\r\n\r\n<!-- Initialize Swiper -->\r\n<script>\r\n\t(function( $ ) {\r\n\t'use strict';\r\n\r\n\t\t$( document ).ready(function() {\r\n\r\n\t\t\t$(\"div.wpgp--youtube-gallery\").each(function () {\r\n\t\t\t\tvar _theGallery = $(this).attr(\"id\");\r\n\r\n\t\t\t\t$(\".swiper-wrapper .swiper-slide:first-child\").addClass(\"wpgp-player-active\");\r\n\t\t\t\t$(\"#\" + _theGallery + \" .swiper-slide\").click(function () {\r\n\r\n\t\t\t\t\t\/**\r\n\t\t\t\t\t * On click, add class on active video.\r\n\t\t\t\t\t * Which is load on the player.\r\n\t\t\t\t\t *\/\r\n\t\t\t\t\t$(this).removeClass(\"wpgp-player-active\").addClass(\"wpgp-player-active\").siblings().removeClass(\"wpgp-player-active\");\r\n\r\n\t\t\t\t\t\/**\r\n\t\t\t\t\t * Add video link into Iframe.\r\n\t\t\t\t\t *\/\r\n\t\t\t\t\tvar _videoID = $(this).data(\"video-id\");\r\n\t\t\t\t\t$(\"#\" + _theGallery + \" iframe\").attr(\"src\", \"https:\/\/www.youtube.com\/embed\/\" + _videoID).fadeOut(\"fast\").fadeIn(\"slow\");\r\n\t\t\t\t});\r\n\r\n\t\t\t});\r\n\r\n\t\t\t\/\/ Slide per view.\r\n\t\t\tvar wpgpygSpvMobile  = '1';\r\n\t\t\tvar wpgpygSpvTablet  = '2';\r\n\t\t\tvar wpgpygSpvDesktop = '3';\r\n\r\n\t\t\tvar swiper = new Swiper('.swiper-container', {\r\n\t\t\t\tslidesPerView: 3,\r\n\t\t\t\tspaceBetween: 10,\r\n\t\t\t\tpagination: {\r\n\t\t\t\t\tel        : '.swiper-pagination',\r\n\t\t\t\t\tclickable : true,\r\n\t\t\t\t\ttype      : 'bullets', \/\/ 'fraction' | 'progressbar' | 'custom'\r\n\t\t\t\t},\r\n\t\t\t\tnavigation: {\r\n\t\t\t\t\tnextEl: '.swiper-button-next',\r\n\t\t\t\t\tprevEl: '.swiper-button-prev',\r\n\t\t\t\t},\r\n\t\t\t\t\/\/ Responsive breakpoints\r\n\t\t\t\tbreakpoints: {\r\n\t\t\t\t\t\/\/ when window width is >= 320px\r\n\t\t\t\t\t320: {\r\n\t\t\t\t\tslidesPerView: wpgpygSpvMobile,\r\n\t\t\t\t\tspaceBetween: 0\r\n\t\t\t\t\t},\r\n\t\t\t\t\t\/\/ when window width is >= 480px\r\n\t\t\t\t\t480: {\r\n\t\t\t\t\tslidesPerView: wpgpygSpvTablet,\r\n\t\t\t\t\tspaceBetween: 20\r\n\t\t\t\t\t},\r\n\t\t\t\t\t\/\/ when window width is >= 640px\r\n\t\t\t\t\t640: {\r\n\t\t\t\t\tslidesPerView: wpgpygSpvDesktop,\r\n\t\t\t\t\tspaceBetween: 10\r\n\t\t\t\t\t}\r\n\t\t\t\t}\r\n\t\t\t});\r\n\r\n\t\t});\r\n\r\n\t})( jQuery );\r\n<\/script>\r\n\t\t<style><\/style><style>#wpgpyg--section-title-4211{margin-bottom:px;}#wpgp--youtube-gallery-4211{max-width:500px;background-color:transparent;}#wpgp--youtube-gallery-4211 .swiper-slide{background-color:#FFFFFF;}#wpgp--youtube-gallery-4211 .swiper-slide.wpgp-player-active{background-color:#595E6E;}#wpgp--youtube-gallery-4211 .swiper-slide:hover{background-color:#D6D6DF;}#wpgp--youtube-gallery-4211 .wpgpyg-vid-title{color:#666666;font-size:px;line-height:px;letter-space:px;}#wpgp--youtube-gallery-4211 .swiper-slide.wpgp-player-active .wpgpyg-vid-title{color:#EEEEEE;}#wpgp--youtube-gallery-4211 .swiper-slide:hover .wpgpyg-vid-title{color:#000000;}#wpgp--youtube-gallery-4211 .wpgpyg-vid-desc{color:#666666;font-size:px;line-height:px;letter-space:px;}#wpgp--youtube-gallery-4211 .swiper-slide.wpgp-player-active .wpgpyg-vid-desc{color:#EEEEEE;}#wpgp--youtube-gallery-4211 .swiper-slide:hover .wpgpyg-vid-desc{color:#000000;}#wpgpyt--ytsubscribe{text-align:center;}<\/style>\n<\/div>\n<p><strong>Szybka dostawa kurierem do 3 dni od zam\u00f3wienia. Chcesz dostaw\u0119 w p\u00f3\u017aniejszym terminie? Powiadom nas o tym przy sk\u0142adaniu zam\u00f3wienia.<\/strong><\/p>\n<p>Waga work\u00f3w 80 ty\u015b nasion, w zale\u017cno\u015bci od odmiany i numeru partii od 22 do 27 kg.<\/p>\n<p>Regularna cena nasion na sezon 2026 wynosi 630 z\u0142 za brutto worek 80 ty\u015b nasion.<\/p>\n<p><strong>Obowi\u0105zuj\u0105ca cena promocyjna to 575 z\u0142 brutto (546 z\u0142 netto) za worek 80 ty\u015b nasion, obowi\u0105zuj\u0105c do wyczerpania.<\/strong><\/p>\n<p>Dodatkowo przygotowali\u015bmy promocje na darmowe worki z nasionami:<\/p>\n<p>\u2013 do ka\u017cdych 10 work\u00f3w \u2013 1 worek gratis<\/p>\n<p>Promocja na darmowy worek nie \u0142\u0105czy si\u0119 z Testowymi Pakietami.<\/p>\n<p><strong>Cena na hektar, po przeliczeniu darmowych work\u00f3w, wynosi 522 brutto (496 z\u0142 netto) za worek 80 ty\u015b nasion.<\/strong> VAT na nasiona wynosi 5%.<\/p>\n<p>Zapewniamy darmow\u0105 dostaw\u0119 kurierem, bezpo\u015brednio do gospodarstwa. Oferujemy dodatkowy<strong> rabat -10 z\u0142 brutto do jednostki za p\u0142atno\u015b\u0107 on-line.<\/strong><\/p>\n<p>Nasiona zaprawiamy <strong>dodatkowo na ptaki i robaki, na miesi\u0105c przed siewem.&nbsp;&nbsp;<\/strong><\/p>\n<h3><strong>EPOS (FAO 190)<\/strong> to jedna z najwcze\u015bniejszych odmian dost\u0119pnych na rynku, stanowi\u0105ca synonim szybkiego zbioru ziarna. Jest to odmiana, kt\u00f3ra jako pierwsza schodzi z pola, umo\u017cliwiaj\u0105c wczesne wykonanie jesiennych prac polowych. Przy sprzyjaj\u0105cych warunkach, g\u0142\u00f3wnie wystarczaj\u0105cej ilo\u015bci wody w czasie kwitnienia i nalewania <strong>EPOS ma potencja\u0142 na 16 ton!<\/strong><\/h3>\n<p><strong>Oto rewolucja w uprawie kukurydzy!<\/strong><\/p>\n<div dir=\"auto\">Przedstawiamy Pa\u0144stwu najnowsze osi\u0105gni\u0119cie naszej hodowli \u2013 4 unikalne odmiany kukurydzy, kt\u00f3re s\u0105 efektem 14 cykli selekcyjnych. Po 7 latach selekcji w najbardziej wymagaj\u0105cych warunkach klimatycznych Europy i 7 latach selekcji na naszej szk\u00f3\u0142ce zimowej w Chile w Ameryce Po\u0142udniowej, mo\u017cemy z dum\u0105 stwierdzi\u0107, \u017ce nasze nowe odmiany to prawdziwy prze\u0142om w uprawie kukurydzy.&nbsp;<\/div>\n<div dir=\"auto\">&nbsp;<\/div>\n<div dir=\"auto\"><strong>Wszechstronno\u015b\u0107 i wydajno\u015b\u0107 bez kompromis\u00f3w<\/strong><\/div>\n<div dir=\"auto\">&nbsp;<\/div>\n<div dir=\"auto\">Nowe odmiany charakteryzuje niezwyk\u0142a uniwersalno\u015b\u0107. Doskonale sprawdz\u0105 si\u0119 na ka\u017cdym typie gleby, niezale\u017cnie od regionu uprawy \u2013 od po\u0142udniowych, suchych obszar\u00f3w, przez centralne, po p\u00f3\u0142nocne, ch\u0142odniejsze rejony kraju. Dzi\u0119ki temu rolnicy z ca\u0142ej Polski mog\u0105 liczy\u0107 na stabilne i wysokie plony. |<\/div>\n<div dir=\"auto\">&nbsp;<\/div>\n<div dir=\"auto\"><strong>Potwierdzone wyniki bada\u0144<\/strong><\/div>\n<div dir=\"auto\">&nbsp;<\/div>\n<div dir=\"auto\">Trzyletnie, kompleksowe badania przeprowadzone w 168 lokalizacjach na terenie ca\u0142ego kraju potwierdzi\u0142y wyj\u0105tkowe w\u0142a\u015bciwo\u015bci naszych nowych odmian. Ekstremalnie niskie wilgotno\u015bci ziarna. Dzi\u0119ki temu zbiory mog\u0105 by\u0107 przeprowadzone szybciej i sprawniej, a koszty suszenia s\u0105 znacznie ni\u017csze.&nbsp;\u015arednie plony suchego ziarna w naszych do\u015bwiadczeniach oscylowa\u0142y w granicach od 14 do ponad 16 ton z hektara, co plasuje nasze odmiany w \u015bcis\u0142ej czo\u0142\u00f3wce rynku.<\/div>\n<div dir=\"auto\">&nbsp;<\/div>\n<div dir=\"auto\">Doskona\u0142a jako\u015b\u0107 kiszonki. Pot\u0119\u017cna budowa ro\u015blin z szerokimi li\u015b\u0107mi i wysokim udzia\u0142em kolb w masie sprawia, \u017ce nasze odmiany s\u0105 idealnym materia\u0142em do produkcji wysokiej jako\u015bci kiszonek o wyj\u0105tkowo wysokiej zawarto\u015bci skrobi i doskona\u0142ej strawno\u015bci. To z kolei przek\u0142ada si\u0119 na lepsze wyniki hodowlane zwierz\u0105t.<\/div>\n<div dir=\"auto\">&nbsp;<\/div>\n<div dir=\"auto\">Adaptacja do r\u00f3\u017cnych warunk\u00f3w: Dzi\u0119ki wieloletniej selekcji nasze odmiany wykazuj\u0105 wyj\u0105tkow\u0105 odporno\u015b\u0107 na stresy \u015brodowiskowe, takie jak susza, choroby czy niskie temperatury.<\/div>\n","protected":false},"featured_media":2465,"template":"","meta":{"ngg_post_thumbnail":0},"product_brand":[],"product_cat":[15],"product_tag":[],"class_list":{"0":"post-6389","1":"product","2":"type-product","3":"status-publish","4":"has-post-thumbnail","6":"product_cat-nasiona-kukurydzy","7":"tm-no-options","9":"first","10":"instock","11":"taxable","12":"shipping-taxable","13":"purchasable","14":"product-type-simple"},"acf":[],"_links":{"self":[{"href":"https:\/\/www.kozackakukurydza.pl\/de\/wp-json\/wp\/v2\/product\/6389","targetHints":{"allow":["GET"]}}],"collection":[{"href":"https:\/\/www.kozackakukurydza.pl\/de\/wp-json\/wp\/v2\/product"}],"about":[{"href":"https:\/\/www.kozackakukurydza.pl\/de\/wp-json\/wp\/v2\/types\/product"}],"wp:featuredmedia":[{"embeddable":true,"href":"https:\/\/www.kozackakukurydza.pl\/de\/wp-json\/wp\/v2\/media\/2465"}],"wp:attachment":[{"href":"https:\/\/www.kozackakukurydza.pl\/de\/wp-json\/wp\/v2\/media?parent=6389"}],"wp:term":[{"taxonomy":"product_brand","embeddable":true,"href":"https:\/\/www.kozackakukurydza.pl\/de\/wp-json\/wp\/v2\/product_brand?post=6389"},{"taxonomy":"product_cat","embeddable":true,"href":"https:\/\/www.kozackakukurydza.pl\/de\/wp-json\/wp\/v2\/product_cat?post=6389"},{"taxonomy":"product_tag","embeddable":true,"href":"https:\/\/www.kozackakukurydza.pl\/de\/wp-json\/wp\/v2\/product_tag?post=6389"}],"curies":[{"name":"wp","href":"https:\/\/api.w.org\/{rel}","templated":true}]}}