{"id":6403,"date":"2024-11-14T13:05:04","date_gmt":"2024-11-14T12:05:04","guid":{"rendered":"https:\/\/www.kozackakukurydza.pl\/?post_type=product&#038;p=6403"},"modified":"2026-02-27T11:34:14","modified_gmt":"2026-02-27T10:34:14","slug":"target-fao-280-300-80-tys-nasion","status":"publish","type":"product","link":"https:\/\/www.kozackakukurydza.pl\/de\/produkt\/target-fao-280-300-80-tys-nasion\/","title":{"rendered":"TARGET FAO 280\/300 80 ty\u015b nasion"},"content":{"rendered":"<p>CHARAKTERYSTYKA:<\/p>\n<p>ODPORNO\u015a\u0106 na susz\u0119 9<br \/>\nODPORNO\u015a\u0106 g\u0142ownia guzowata 9<br \/>\nODPORNO\u015a\u0106 g\u0142ownia pyl\u0105ca 9<br \/>\nODPORNO\u015a\u0106 omacnica prosowianka 9<br \/>\nODPORNO\u015a\u0106 na wyleganie 9<\/p>\n<p>tolerancja na ch\u0142ody 8<br \/>\nwigor pocz\u0105tkowy 9<br \/>\nstay green 9<br \/>\noddawanie wody 9<br \/>\nwysoko\u015b\u0107 ro\u015blin 9<br \/>\nwska\u017anik na dwukolbowo\u015b\u0107 5<\/p>\n<p>min. temp. gleby do siewu &#8211; 9\u00b0C<br \/>\nliczba rz\u0119d\u00f3w &#8211; 18-20<br \/>\ntyp ziarna &#8211; semi dent<br \/>\ntyp kolby &#8211; flex<br \/>\nkolor ziarna &#8211; \u017c\u00f3\u0142to-czerwony<\/p>\n<p>warto\u015bc \u017cywieniowa:<br \/>\nskrobia 8<br \/>\ndNDF 8<\/p>\n<p>ZAPRAWA (doskona\u0142a ochrona i mikroelemety na szybki start w standardzie):<\/p>\n<p>FUNGICYD:<\/p>\n<p>Nasiona zaprawione dwusk\u0142adnikow\u0105 zapraw\u0105 REDIGO M 120 FS firmy BAYER. Zaprawa ma w sk\u0142adzie: protiokonazol (zwi\u0105zek z grupy triazoli) &#8211; 100 g\/l, metalaksyl (zwi\u0105zek z grupy fenyloamid\u00f3w) &#8211; 20 g\/l.<\/p>\n<p>MIKROELEMETY:<\/p>\n<p>Nasiona s\u0105 dodatkowo zaprawione najwy\u017cszej jako\u015bci zapraw\u0105 mikroelementow\u0105 QUANTUM ULTRACOMPLEX. W sk\u0142ad zaprawy wchodzi azot, fosfor, potas oraz kompleks mikroelement\u00f3w: bor, molibden, cynk, mangan, \u017celazo i mied\u017a w formie chelatu EDTA.<\/p>\n<p>ZAPRAWA DODATKOWA:<br \/>\nKORIT 420 FS<\/p>\n<p>KORIT + FORCE&nbsp;<\/p>\n","protected":false},"excerpt":{"rendered":"<div class=\"opinie-youtube\">\n<p>Zobacz opinie naszych zadowolonych klient\u00f3w:<\/p>\n<p style=\"display:block;text-align:center;color:red;\">No video found!<\/p><style><\/style><style>#wpgpyg--section-title-4211{margin-bottom:px;}#wpgp--youtube-gallery-4211{max-width:500px;background-color:transparent;}#wpgp--youtube-gallery-4211 .swiper-slide{background-color:#FFFFFF;}#wpgp--youtube-gallery-4211 .swiper-slide.wpgp-player-active{background-color:#595E6E;}#wpgp--youtube-gallery-4211 .swiper-slide:hover{background-color:#D6D6DF;}#wpgp--youtube-gallery-4211 .wpgpyg-vid-title{color:#666666;font-size:px;line-height:px;letter-space:px;}#wpgp--youtube-gallery-4211 .swiper-slide.wpgp-player-active .wpgpyg-vid-title{color:#EEEEEE;}#wpgp--youtube-gallery-4211 .swiper-slide:hover .wpgpyg-vid-title{color:#000000;}#wpgp--youtube-gallery-4211 .wpgpyg-vid-desc{color:#666666;font-size:px;line-height:px;letter-space:px;}#wpgp--youtube-gallery-4211 .swiper-slide.wpgp-player-active .wpgpyg-vid-desc{color:#EEEEEE;}#wpgp--youtube-gallery-4211 .swiper-slide:hover .wpgpyg-vid-desc{color:#000000;}#wpgpyt--ytsubscribe{text-align:center;}<\/style>\n<\/div>\n<p><!--more--><\/p>\n<p><strong>Szybka dostawa kurierem do 3 dni od zam\u00f3wienia. Chcesz dostaw\u0119 w p\u00f3\u017aniejszym terminie? Powiadom nas o tym przy sk\u0142adaniu zam\u00f3wienia.<\/strong><\/p>\n<p>Waga work\u00f3w 80 ty\u015b nasion, w zale\u017cno\u015bci od odmiany i numeru partii od 22 do 27 kg.<\/p>\n<p>Regularna cena nasion na sezon 2026 wynosi 630 z\u0142 za brutto worek 80 ty\u015b nasion.<\/p>\n<p><strong>Obowi\u0105zuj\u0105ca cena promocyjna to 575 z\u0142 brutto (546 z\u0142 netto) za worek 80 ty\u015b nasion, obowi\u0105zuj\u0105c do wyczerpania.<\/strong><\/p>\n<p>Dodatkowo przygotowali\u015bmy promocje na darmowe worki z nasionami:<\/p>\n<p>\u2013 do ka\u017cdych 10 work\u00f3w \u2013 1 worek gratis<\/p>\n<p>Promocja na darmowy worek nie \u0142\u0105czy si\u0119 z Testowymi Pakietami.<\/p>\n<p><strong>Cena na hektar, po przeliczeniu darmowych work\u00f3w, wynosi 522 brutto (496 z\u0142 netto) za worek 80 ty\u015b nasion.<\/strong> VAT na nasiona wynosi 5%.<\/p>\n<p>Zapewniamy darmow\u0105 dostaw\u0119 kurierem, bezpo\u015brednio do gospodarstwa. Oferujemy dodatkowy<strong> rabat -10 z\u0142 brutto do jednostki za p\u0142atno\u015b\u0107 on-line.<\/strong><\/p>\n<p>Nasiona zaprawiamy <strong>dodatkowo na ptaki i robaki, na miesi\u0105c przed siewem.&nbsp;&nbsp;<\/strong><\/p>\n<h3><strong>Target (FAO 280\/300)<\/strong> to odmiana kukurydzy polecana przede wszystkim do produkcji <strong>wysokojako\u015bciowej kiszonki<\/strong> oraz na <strong>biogaz<\/strong>. Jej cechy morfologiczne i agronomiczne, w po\u0142\u0105czeniu z uniwersalno\u015bci\u0105 glebow\u0105, zapewniaj\u0105 stabilne i wysokie plony masy zielonej.<\/h3>\n<p><strong>Oto rewolucja w uprawie kukurydzy!<\/strong><\/p>\n<div dir=\"auto\">Przedstawiamy Pa\u0144stwu najnowsze osi\u0105gni\u0119cie naszej hodowli \u2013 4 unikalne odmiany kukurydzy, kt\u00f3re s\u0105 efektem 14 cykli selekcyjnych. Po 7 latach selekcji w najbardziej wymagaj\u0105cych warunkach klimatycznych Europy i 7 latach selekcji na naszej szk\u00f3\u0142ce zimowej w Chile w Ameryce Po\u0142udniowej, mo\u017cemy z dum\u0105 stwierdzi\u0107, \u017ce nasze nowe odmiany to prawdziwy prze\u0142om w uprawie kukurydzy.&nbsp;<\/div>\n<div dir=\"auto\">&nbsp;<\/div>\n<div dir=\"auto\"><strong>Wszechstronno\u015b\u0107 i wydajno\u015b\u0107 bez kompromis\u00f3w<\/strong><\/div>\n<div dir=\"auto\">&nbsp;<\/div>\n<div dir=\"auto\">Nowe odmiany charakteryzuje niezwyk\u0142a uniwersalno\u015b\u0107. Doskonale sprawdz\u0105 si\u0119 na ka\u017cdym typie gleby, niezale\u017cnie od regionu uprawy \u2013 od po\u0142udniowych, suchych obszar\u00f3w, przez centralne, po p\u00f3\u0142nocne, ch\u0142odniejsze rejony kraju. Dzi\u0119ki temu rolnicy z ca\u0142ej Polski mog\u0105 liczy\u0107 na stabilne i wysokie plony. |<\/div>\n<div dir=\"auto\">&nbsp;<\/div>\n<div dir=\"auto\"><strong>Potwierdzone wyniki bada\u0144<\/strong><\/div>\n<div dir=\"auto\">&nbsp;<\/div>\n<div dir=\"auto\">Trzyletnie, kompleksowe badania przeprowadzone w 168 lokalizacjach na terenie ca\u0142ego kraju potwierdzi\u0142y wyj\u0105tkowe w\u0142a\u015bciwo\u015bci naszych nowych odmian. Ekstremalnie niskie wilgotno\u015bci ziarna. Dzi\u0119ki temu zbiory mog\u0105 by\u0107 przeprowadzone szybciej i sprawniej, a koszty suszenia s\u0105 znacznie ni\u017csze.&nbsp;\u015arednie plony suchego ziarna w naszych do\u015bwiadczeniach oscylowa\u0142y w granicach od 14 do ponad 16 ton z hektara, co plasuje nasze odmiany w \u015bcis\u0142ej czo\u0142\u00f3wce rynku.<\/div>\n<div dir=\"auto\">&nbsp;<\/div>\n<div dir=\"auto\">Doskona\u0142a jako\u015b\u0107 kiszonki. Pot\u0119\u017cna budowa ro\u015blin z szerokimi li\u015b\u0107mi i wysokim udzia\u0142em kolb w masie sprawia, \u017ce nasze odmiany s\u0105 idealnym materia\u0142em do produkcji wysokiej jako\u015bci kiszonek o wyj\u0105tkowo wysokiej zawarto\u015bci skrobi i doskona\u0142ej strawno\u015bci. To z kolei przek\u0142ada si\u0119 na lepsze wyniki hodowlane zwierz\u0105t.<\/div>\n<div dir=\"auto\">&nbsp;<\/div>\n<div dir=\"auto\">Adaptacja do r\u00f3\u017cnych warunk\u00f3w: Dzi\u0119ki wieloletniej selekcji nasze odmiany wykazuj\u0105 wyj\u0105tkow\u0105 odporno\u015b\u0107 na stresy \u015brodowiskowe, takie jak susza, choroby czy niskie temperatury.<\/div>\n","protected":false},"featured_media":2465,"template":"","meta":{"ngg_post_thumbnail":0},"product_brand":[],"product_cat":[15],"product_tag":[],"class_list":{"0":"post-6403","1":"product","2":"type-product","3":"status-publish","4":"has-post-thumbnail","6":"product_cat-nasiona-kukurydzy","7":"tm-no-options","9":"first","10":"instock","11":"taxable","12":"shipping-taxable","13":"purchasable","14":"product-type-simple"},"acf":[],"_links":{"self":[{"href":"https:\/\/www.kozackakukurydza.pl\/de\/wp-json\/wp\/v2\/product\/6403","targetHints":{"allow":["GET"]}}],"collection":[{"href":"https:\/\/www.kozackakukurydza.pl\/de\/wp-json\/wp\/v2\/product"}],"about":[{"href":"https:\/\/www.kozackakukurydza.pl\/de\/wp-json\/wp\/v2\/types\/product"}],"wp:featuredmedia":[{"embeddable":true,"href":"https:\/\/www.kozackakukurydza.pl\/de\/wp-json\/wp\/v2\/media\/2465"}],"wp:attachment":[{"href":"https:\/\/www.kozackakukurydza.pl\/de\/wp-json\/wp\/v2\/media?parent=6403"}],"wp:term":[{"taxonomy":"product_brand","embeddable":true,"href":"https:\/\/www.kozackakukurydza.pl\/de\/wp-json\/wp\/v2\/product_brand?post=6403"},{"taxonomy":"product_cat","embeddable":true,"href":"https:\/\/www.kozackakukurydza.pl\/de\/wp-json\/wp\/v2\/product_cat?post=6403"},{"taxonomy":"product_tag","embeddable":true,"href":"https:\/\/www.kozackakukurydza.pl\/de\/wp-json\/wp\/v2\/product_tag?post=6403"}],"curies":[{"name":"wp","href":"https:\/\/api.w.org\/{rel}","templated":true}]}}