{"id":10002,"date":"2025-11-13T10:30:46","date_gmt":"2025-11-13T09:30:46","guid":{"rendered":"https:\/\/www.kozackakukurydza.pl\/?post_type=product&#038;p=10002"},"modified":"2026-02-27T11:31:53","modified_gmt":"2026-02-27T10:31:53","slug":"kortes-fao-230-80-tys-nasion","status":"publish","type":"product","link":"https:\/\/www.kozackakukurydza.pl\/en\/produkt\/kortes-fao-230-80-tys-nasion\/","title":{"rendered":"KORTES FAO 230 80 ty\u015b nasion"},"content":{"rendered":"<p>CHARAKTERYSTYKA:<\/p>\n<p>ODPORNO\u015a\u0106 na susz\u0119 9<br \/>\nODPORNO\u015a\u0106 g\u0142ownia guzowata 8<br \/>\nODPORNO\u015a\u0106 g\u0142ownia pyl\u0105ca 8<br \/>\nODPORNO\u015a\u0106 omacnica prosowianka 8<br \/>\nODPORNO\u015a\u0106 na wyleganie 9<\/p>\n<p>tolerancja na ch\u0142ody 8<br \/>\nwigor pocz\u0105tkowy 9<br \/>\nstay green 9<br \/>\noddawanie wody 8<br \/>\nwysoko\u015b\u0107 ro\u015blin 9<br \/>\nwska\u017anik na dwukolbowo\u015b\u0107 5<\/p>\n<p>min. temp. gleby do siewu &#8211; 9\u00b0C<br \/>\nliczba rz\u0119d\u00f3w &#8211; 18<br \/>\ntyp ziarna &#8211; semi dent<br \/>\ntyp kolby &#8211; flex<br \/>\nkolor ziarna &#8211; \u017c\u00f3\u0142ty<\/p>\n<p>warto\u015bc \u017cywieniowa:<br \/>\nskrobia 9<br \/>\ndNDF 8<\/p>\n<p>ZAPRAWA (doskona\u0142a ochrona i mikroelemety na szybki start w standardzie):<\/p>\n<p>FUNGICYD:<\/p>\n<p>Nasiona zaprawione dwusk\u0142adnikow\u0105 zapraw\u0105 REDIGO M 120 FS firmy BAYER. Zaprawa ma w sk\u0142adzie: protiokonazol (zwi\u0105zek z grupy triazoli) &#8211; 100 g\/l, metalaksyl (zwi\u0105zek z grupy fenyloamid\u00f3w) &#8211; 20 g\/l.<\/p>\n<p>MIKROELEMETY:<\/p>\n<p>Nasiona s\u0105 dodatkowo zaprawione najwy\u017cszej jako\u015bci zapraw\u0105 mikroelementow\u0105 QUANTUM ULTRACOMPLEX. W sk\u0142ad zaprawy wchodzi azot, fosfor, potas oraz kompleks mikroelement\u00f3w: bor, molibden, cynk, mangan, \u017celazo i mied\u017a w formie chelatu EDTA.<\/p>\n<p>ZAPRAWA DODATKOWA:<br \/>\nKORIT 420 FS<\/p>\n<p>KORIT + FORCE&nbsp;<\/p>\n","protected":false},"excerpt":{"rendered":"<div class=\"opinie-youtube\">\n<p>Zobacz opinie naszych zadowolonych klient\u00f3w:<\/p>\n<p style=\"display:block;text-align:center;color:red;\">No video found!<\/p><style><\/style><style>#wpgpyg--section-title-4211{margin-bottom:px;}#wpgp--youtube-gallery-4211{max-width:500px;background-color:transparent;}#wpgp--youtube-gallery-4211 .swiper-slide{background-color:#FFFFFF;}#wpgp--youtube-gallery-4211 .swiper-slide.wpgp-player-active{background-color:#595E6E;}#wpgp--youtube-gallery-4211 .swiper-slide:hover{background-color:#D6D6DF;}#wpgp--youtube-gallery-4211 .wpgpyg-vid-title{color:#666666;font-size:px;line-height:px;letter-space:px;}#wpgp--youtube-gallery-4211 .swiper-slide.wpgp-player-active .wpgpyg-vid-title{color:#EEEEEE;}#wpgp--youtube-gallery-4211 .swiper-slide:hover .wpgpyg-vid-title{color:#000000;}#wpgp--youtube-gallery-4211 .wpgpyg-vid-desc{color:#666666;font-size:px;line-height:px;letter-space:px;}#wpgp--youtube-gallery-4211 .swiper-slide.wpgp-player-active .wpgpyg-vid-desc{color:#EEEEEE;}#wpgp--youtube-gallery-4211 .swiper-slide:hover .wpgpyg-vid-desc{color:#000000;}#wpgpyt--ytsubscribe{text-align:center;}<\/style>\n<\/div>\n<p><!--more--><\/p>\n<p><strong>Szybka dostawa kurierem do 3 dni od zam\u00f3wienia. Chcesz dostaw\u0119 w p\u00f3\u017aniejszym terminie? Powiadom nas o tym przy sk\u0142adaniu zam\u00f3wienia.<\/strong><\/p>\n<p>Waga work\u00f3w 80 ty\u015b nasion, w zale\u017cno\u015bci od odmiany i numeru partii od 22 do 27 kg.<\/p>\n<p>Regularna cena nasion na sezon 2026 wynosi 630 z\u0142 za brutto worek 80 ty\u015b nasion.<\/p>\n<p><strong>Obowi\u0105zuj\u0105ca cena promocyjna to 575 z\u0142 brutto (546 z\u0142 netto) za worek 80 ty\u015b nasion, obowi\u0105zuj\u0105c do wyczerpania.<\/strong><\/p>\n<p>Dodatkowo przygotowali\u015bmy promocje na darmowe worki z nasionami:<\/p>\n<p>\u2013 do ka\u017cdych 10 work\u00f3w \u2013 1 worek gratis<\/p>\n<p>Promocja na darmowy worek nie \u0142\u0105czy si\u0119 z Testowymi Pakietami.<\/p>\n<p><strong>Cena na hektar, po przeliczeniu darmowych work\u00f3w, wynosi 522 brutto (496 z\u0142 netto) za worek 80 ty\u015b nasion.<\/strong> VAT na nasiona wynosi 5%.<\/p>\n<p>Zapewniamy darmow\u0105 dostaw\u0119 kurierem, bezpo\u015brednio do gospodarstwa. Oferujemy dodatkowy<strong> rabat -10 z\u0142 brutto do jednostki za p\u0142atno\u015b\u0107 on-line.<\/strong><\/p>\n<p>Nasiona zaprawiamy <strong>dodatkowo na ptaki i robaki, na miesi\u0105c przed siewem.&nbsp;&nbsp;<\/strong><\/p>\n<div dir=\"auto\">\n<h3>KORTES to wyj\u0105tkowo <b>uniwersalna odmiana kukurydzy<\/b> charakteryzuj\u0105ca si\u0119 <b>kr\u00f3tkim FAO<\/b>, co czyni j\u0105 idealnym wyborem dla rolnik\u00f3w ceni\u0105cych sobie wczesny i pewny zbi\u00f3r.<\/h3>\n<h3>Kluczowe Zalety:<\/h3>\n<ul>\n<li>\n<h3><b>Doskona\u0142a na Kiszonk\u0119:<\/b> Odmiana Kortes jest ceniona za sw\u00f3j <b>imponuj\u0105cy wzrost<\/b>. Ro\u015bnie bardzo wysoka, co przek\u0142ada si\u0119 na wysok\u0105 mas\u0119 zielon\u0105 i <b>doskona\u0142\u0105 wydajno\u015b\u0107 na kiszonk\u0119<\/b> o wysokiej jako\u015bci.<\/h3>\n<\/li>\n<li>\n<h3><b>Wysoka Wydajno\u015b\u0107 na Ziarno:<\/b> Mimo predyspozycji do uprawy na kiszonk\u0119, Kortes jest r\u00f3wnie\u017c <b>bardzo wydajna w plonie ziarna<\/b>. Stanowi to o jej prawdziwej uniwersalno\u015bci i pozwala na elastyczne zarz\u0105dzanie przeznaczeniem uprawy.<\/h3>\n<\/li>\n<li>\n<h3><b>Tolerancja Glebowa:<\/b> Odmiana ta jest rekomendowana <b>na wszystkie typy gleb<\/b>, pod warunkiem, \u017ce ich odczyn pH jest odpowiednio uregulowany.<\/h3>\n<\/li>\n<\/ul>\n<h3>Wybieraj\u0105c KORTESa, zyskujesz pewno\u015b\u0107 stabilnego i wysokiego plonu, niezale\u017cnie od tego, czy Twoim celem jest produkcja najwy\u017cszej jako\u015bci kiszonki, czy maksymalizacja zbioru ziarna.<\/h3>\n<\/div>\n","protected":false},"featured_media":2465,"template":"","meta":{"ngg_post_thumbnail":0},"product_brand":[],"product_cat":[15],"product_tag":[],"class_list":{"0":"post-10002","1":"product","2":"type-product","3":"status-publish","4":"has-post-thumbnail","6":"product_cat-nasiona-kukurydzy","7":"tm-no-options","9":"first","10":"instock","11":"taxable","12":"shipping-taxable","13":"purchasable","14":"product-type-simple"},"acf":[],"_links":{"self":[{"href":"https:\/\/www.kozackakukurydza.pl\/en\/wp-json\/wp\/v2\/product\/10002","targetHints":{"allow":["GET"]}}],"collection":[{"href":"https:\/\/www.kozackakukurydza.pl\/en\/wp-json\/wp\/v2\/product"}],"about":[{"href":"https:\/\/www.kozackakukurydza.pl\/en\/wp-json\/wp\/v2\/types\/product"}],"wp:featuredmedia":[{"embeddable":true,"href":"https:\/\/www.kozackakukurydza.pl\/en\/wp-json\/wp\/v2\/media\/2465"}],"wp:attachment":[{"href":"https:\/\/www.kozackakukurydza.pl\/en\/wp-json\/wp\/v2\/media?parent=10002"}],"wp:term":[{"taxonomy":"product_brand","embeddable":true,"href":"https:\/\/www.kozackakukurydza.pl\/en\/wp-json\/wp\/v2\/product_brand?post=10002"},{"taxonomy":"product_cat","embeddable":true,"href":"https:\/\/www.kozackakukurydza.pl\/en\/wp-json\/wp\/v2\/product_cat?post=10002"},{"taxonomy":"product_tag","embeddable":true,"href":"https:\/\/www.kozackakukurydza.pl\/en\/wp-json\/wp\/v2\/product_tag?post=10002"}],"curies":[{"name":"wp","href":"https:\/\/api.w.org\/{rel}","templated":true}]}}