{"id":10007,"date":"2025-11-13T10:39:26","date_gmt":"2025-11-13T09:39:26","guid":{"rendered":"https:\/\/www.kozackakukurydza.pl\/?post_type=product&#038;p=10007"},"modified":"2026-02-27T11:27:01","modified_gmt":"2026-02-27T10:27:01","slug":"oniks-fao-260-80-tys-nasion","status":"publish","type":"product","link":"https:\/\/www.kozackakukurydza.pl\/en\/produkt\/oniks-fao-260-80-tys-nasion\/","title":{"rendered":"ONIKS FAO 260 80 ty\u015b nasion"},"content":{"rendered":"<p>CHARAKTERYSTYKA:<\/p>\n<p>ODPORNO\u015a\u0106 na susz\u0119 9<br \/>\nODPORNO\u015a\u0106 g\u0142ownia guzowata 9<br \/>\nODPORNO\u015a\u0106 g\u0142ownia pyl\u0105ca 9<br \/>\nODPORNO\u015a\u0106 omacnica prosowianka 9<br \/>\nODPORNO\u015a\u0106 na wyleganie 9<\/p>\n<p>tolerancja na ch\u0142ody 9<br \/>\nwigor pocz\u0105tkowy 9<br \/>\nstay green 9<br \/>\noddawanie wody 9<br \/>\nwysoko\u015b\u0107 ro\u015blin 9<br \/>\nwska\u017anik na dwukolbowo\u015b\u0107 5<\/p>\n<p>min. temp. gleby do siewu &#8211; 9\u00b0C<br \/>\nliczba rz\u0119d\u00f3w &#8211; 18-20<br \/>\ntyp ziarna &#8211; semi dent<br \/>\ntyp kolby &#8211; flex<br \/>\nkolor ziarna &#8211; \u017c\u00f3\u0142ty<\/p>\n<p>warto\u015bc \u017cywieniowa:<br \/>\nskrobia 9<br \/>\ndNDF 9<\/p>\n<p>ZAPRAWA (doskona\u0142a ochrona i mikroelemety na szybki start w standardzie):<\/p>\n<p>FUNGICYD:<\/p>\n<p>Nasiona zaprawione dwusk\u0142adnikow\u0105 zapraw\u0105 REDIGO M 120 FS firmy BAYER. Zaprawa ma w sk\u0142adzie: protiokonazol (zwi\u0105zek z grupy triazoli) &#8211; 100 g\/l, metalaksyl (zwi\u0105zek z grupy fenyloamid\u00f3w) &#8211; 20 g\/l.<\/p>\n<p>MIKROELEMETY:<\/p>\n<p>Nasiona s\u0105 dodatkowo zaprawione najwy\u017cszej jako\u015bci zapraw\u0105 mikroelementow\u0105 QUANTUM ULTRACOMPLEX. W sk\u0142ad zaprawy wchodzi azot, fosfor, potas oraz kompleks mikroelement\u00f3w: bor, molibden, cynk, mangan, \u017celazo i mied\u017a w formie chelatu EDTA.<\/p>\n<p>ZAPRAWA DODATKOWA:<br \/>\nKORIT 420 FS<\/p>\n<p>KORIT + FORCE&nbsp;<\/p>\n","protected":false},"excerpt":{"rendered":"<div class=\"opinie-youtube\">\n<p>Zobacz opinie naszych zadowolonych klient\u00f3w:<\/p>\n<p style=\"display:block;text-align:center;color:red;\">No video found!<\/p><style><\/style><style>#wpgpyg--section-title-4211{margin-bottom:px;}#wpgp--youtube-gallery-4211{max-width:500px;background-color:transparent;}#wpgp--youtube-gallery-4211 .swiper-slide{background-color:#FFFFFF;}#wpgp--youtube-gallery-4211 .swiper-slide.wpgp-player-active{background-color:#595E6E;}#wpgp--youtube-gallery-4211 .swiper-slide:hover{background-color:#D6D6DF;}#wpgp--youtube-gallery-4211 .wpgpyg-vid-title{color:#666666;font-size:px;line-height:px;letter-space:px;}#wpgp--youtube-gallery-4211 .swiper-slide.wpgp-player-active .wpgpyg-vid-title{color:#EEEEEE;}#wpgp--youtube-gallery-4211 .swiper-slide:hover .wpgpyg-vid-title{color:#000000;}#wpgp--youtube-gallery-4211 .wpgpyg-vid-desc{color:#666666;font-size:px;line-height:px;letter-space:px;}#wpgp--youtube-gallery-4211 .swiper-slide.wpgp-player-active .wpgpyg-vid-desc{color:#EEEEEE;}#wpgp--youtube-gallery-4211 .swiper-slide:hover .wpgpyg-vid-desc{color:#000000;}#wpgpyt--ytsubscribe{text-align:center;}<\/style>\n<\/div>\n<p><!--more--><\/p>\n<p><strong>Szybka dostawa kurierem do 3 dni od zam\u00f3wienia. Chcesz dostaw\u0119 w p\u00f3\u017aniejszym terminie? Powiadom nas o tym przy sk\u0142adaniu zam\u00f3wienia.<\/strong><\/p>\n<p>Waga work\u00f3w 80 ty\u015b nasion, w zale\u017cno\u015bci od odmiany i numeru partii od 22 do 27 kg.<\/p>\n<p>Regularna cena nasion na sezon 2026 wynosi 630 z\u0142 za brutto worek 80 ty\u015b nasion.<\/p>\n<p><strong>Obowi\u0105zuj\u0105ca cena promocyjna to 575 z\u0142 brutto (546 z\u0142 netto) za worek 80 ty\u015b nasion, obowi\u0105zuj\u0105c do wyczerpania.<\/strong><\/p>\n<p>Dodatkowo przygotowali\u015bmy promocje na darmowe worki z nasionami:<\/p>\n<p>\u2013 do ka\u017cdych 10 work\u00f3w \u2013 1 worek gratis<\/p>\n<p>Promocja na darmowy worek nie \u0142\u0105czy si\u0119 z Testowymi Pakietami.<\/p>\n<p><strong>Cena na hektar, po przeliczeniu darmowych work\u00f3w, wynosi 522 brutto (496 z\u0142 netto) za worek 80 ty\u015b nasion.<\/strong> VAT na nasiona wynosi 5%.<\/p>\n<p>Zapewniamy darmow\u0105 dostaw\u0119 kurierem, bezpo\u015brednio do gospodarstwa. Oferujemy dodatkowy<strong> rabat -10 z\u0142 brutto do jednostki za p\u0142atno\u015b\u0107 on-line.<\/strong><\/p>\n<p>Nasiona zaprawiamy <strong>dodatkowo na ptaki i robaki, na miesi\u0105c przed siewem.&nbsp;&nbsp;<\/strong><\/p>\n<h3><strong>ONIKS \u2013 Kiszonkowy Gigant. Pot\u0119ga MASY.<\/strong><\/h3>\n<h3><b>ONIKS<\/b> to odmiana kukurydzy, kt\u00f3ra wesz\u0142a na rynek, aby zdefiniowa\u0107 poj\u0119cie <b>maksymalnej wydajno\u015bci kiszonkowej<\/b>. Zaprojektowana, by prze\u0142amywa\u0107 bariery plonu, stanowi <b>pot\u0119g\u0119 masy i bezkompromisowo\u015b\u0107 parametr\u00f3w kiszonek.&nbsp;<\/b><\/h3>\n<h3><strong>Kiszonka na Poziomie Mistrzowskim:<\/strong><\/h3>\n<ul>\n<li>\n<h3><b>Monumentalna Budowa:<\/b> Ro\u015bliny ONIKS s\u0105 <b>gigantyczne<\/b> i <b>solidne<\/b>, tworz\u0105c na polu <b>g\u0119st\u0105, nieprzeniknion\u0105 \u015bcian\u0119 biomasy<\/b>. To <b>pot\u0119ga wegetacji<\/b>, kt\u00f3ra gwarantuje rekordowo wysok\u0105 mas\u0119 zielon\u0105 przy zbiorze.<\/h3>\n<\/li>\n<li>\n<h3><b>Wielka Gruba Kolba:<\/b> Sercem tej odmiany jest jej <b>kolosalna kolba<\/b>. Jest ona <b>wielka, gruba<\/b> i osadzona na mocnej \u0142odydze, zapewniaj\u0105c <b>fenomenalny udzia\u0142 ziarna<\/b> w ca\u0142ej masie zielonej.<\/h3>\n<\/li>\n<li>\n<h3><b>Mn\u00f3stwo Ziarna na Pryzmie:<\/b> Niezr\u00f3wnana proporcja <b>soczystego ziarna<\/b> przek\u0142ada si\u0119 bezpo\u015brednio na <b>wysok\u0105 warto\u015b\u0107 energetyczn\u0105<\/b> kiszonki. Z ONIKSEM zyskujesz nie tylko <b>olbrzymi\u0105 pryzm\u0119<\/b>, ale i pasz\u0119 najwy\u017cszej jako\u015bci \u2013 to <b>zapas energii<\/b> na ca\u0142y rok.<\/h3>\n<\/li>\n<li>\n<h3><b>Niez\u0142omny Plon:<\/b> ONIKS jest synonimem <b>niez\u0142omnej produktywno\u015bci<\/b>. To gwarancja, \u017ce zbi\u00f3r b\u0119dzie <b>satysfakcjonuj\u0105cy<\/b> i <b>przekraczaj\u0105cy oczekiwania<\/b> pod wzgl\u0119dem ilo\u015bci i warto\u015bci od\u017cywczej.<\/h3>\n<\/li>\n<\/ul>\n<h3>Wybieraj\u0105c ONIKS, inwestujesz w <b>nieograniczon\u0105 energi\u0119<\/b> i <b>kr\u00f3lewski plon<\/b> z hektara. To <b>kiszonkowy gigant<\/b>, kt\u00f3ry zdominuje Twoje pola.<\/h3>\n<h3 dir=\"auto\">&nbsp;<\/h3>\n","protected":false},"featured_media":2465,"template":"","meta":{"ngg_post_thumbnail":0},"product_brand":[],"product_cat":[15],"product_tag":[],"class_list":{"0":"post-10007","1":"product","2":"type-product","3":"status-publish","4":"has-post-thumbnail","6":"product_cat-nasiona-kukurydzy","7":"tm-no-options","9":"first","10":"instock","11":"taxable","12":"shipping-taxable","13":"purchasable","14":"product-type-simple"},"acf":[],"_links":{"self":[{"href":"https:\/\/www.kozackakukurydza.pl\/en\/wp-json\/wp\/v2\/product\/10007","targetHints":{"allow":["GET"]}}],"collection":[{"href":"https:\/\/www.kozackakukurydza.pl\/en\/wp-json\/wp\/v2\/product"}],"about":[{"href":"https:\/\/www.kozackakukurydza.pl\/en\/wp-json\/wp\/v2\/types\/product"}],"wp:featuredmedia":[{"embeddable":true,"href":"https:\/\/www.kozackakukurydza.pl\/en\/wp-json\/wp\/v2\/media\/2465"}],"wp:attachment":[{"href":"https:\/\/www.kozackakukurydza.pl\/en\/wp-json\/wp\/v2\/media?parent=10007"}],"wp:term":[{"taxonomy":"product_brand","embeddable":true,"href":"https:\/\/www.kozackakukurydza.pl\/en\/wp-json\/wp\/v2\/product_brand?post=10007"},{"taxonomy":"product_cat","embeddable":true,"href":"https:\/\/www.kozackakukurydza.pl\/en\/wp-json\/wp\/v2\/product_cat?post=10007"},{"taxonomy":"product_tag","embeddable":true,"href":"https:\/\/www.kozackakukurydza.pl\/en\/wp-json\/wp\/v2\/product_tag?post=10007"}],"curies":[{"name":"wp","href":"https:\/\/api.w.org\/{rel}","templated":true}]}}