{"id":10014,"date":"2025-11-13T10:50:05","date_gmt":"2025-11-13T09:50:05","guid":{"rendered":"https:\/\/www.kozackakukurydza.pl\/?post_type=product&#038;p=10014"},"modified":"2026-04-17T10:05:45","modified_gmt":"2026-04-17T08:05:45","slug":"dms-3477-fao-260-80-tys-nasion","status":"publish","type":"product","link":"https:\/\/www.kozackakukurydza.pl\/en\/produkt\/dms-3477-fao-260-80-tys-nasion\/","title":{"rendered":"DMS 3477 FAO 260 80 ty\u015b nasion"},"content":{"rendered":"<ul>\n<li>CHARAKTERYSTYKA:<\/li>\n<\/ul>\n<p>ODPORNO\u015a\u0106 na susz\u0119 9<br \/>\nODPORNO\u015a\u0106 g\u0142ownia guzowata 9<br \/>\nODPORNO\u015a\u0106 g\u0142ownia pyl\u0105ca 9<br \/>\nODPORNO\u015a\u0106 omacnica prosowianka 9<br \/>\nODPORNO\u015a\u0106 na wyleganie 9<\/p>\n<p>tolerancja na ch\u0142ody 9<br \/>\nwigor pocz\u0105tkowy 9<br \/>\nstay green 9<br \/>\noddawanie wody 9<br \/>\nwysoko\u015b\u0107 ro\u015blin 9<br \/>\nwska\u017anik na dwukolbowo\u015b\u0107 5<\/p>\n<p>min. temp. gleby do siewu &#8211; 9\u00b0C<br \/>\nliczba rz\u0119d\u00f3w &#8211; 18-20<br \/>\ntyp ziarna &#8211; semi dent<br \/>\ntyp kolby &#8211; flex<br \/>\nkolor ziarna &#8211; \u017c\u00f3\u0142to-czerwony<\/p>\n<p>warto\u015bc \u017cywieniowa:<br \/>\nskrobia 9<br \/>\ndNDF 8<\/p>\n<p>ZAPRAWA (doskona\u0142a ochrona i mikroelemety na szybki start w standardzie):<\/p>\n<p>FUNGICYD:<\/p>\n<p>Nasiona zaprawione dwusk\u0142adnikow\u0105 zapraw\u0105 REDIGO M 120 FS firmy BAYER. Zaprawa ma w sk\u0142adzie: protiokonazol (zwi\u0105zek z grupy triazoli) &#8211; 100 g\/l, metalaksyl (zwi\u0105zek z grupy fenyloamid\u00f3w) &#8211; 20 g\/l.<\/p>\n<p>MIKROELEMETY:<\/p>\n<p>Nasiona s\u0105 dodatkowo zaprawione najwy\u017cszej jako\u015bci zapraw\u0105 mikroelementow\u0105 QUANTUM ULTRACOMPLEX. W sk\u0142ad zaprawy wchodzi azot, fosfor, potas oraz kompleks mikroelement\u00f3w: bor, molibden, cynk, mangan, \u017celazo i mied\u017a w formie chelatu EDTA.<\/p>\n<p>ZAPRAWA DODATKOWA:<br \/>\nKORIT 420 FS<\/p>\n<p>KORIT + FORCE&nbsp;<\/p>\n","protected":false},"excerpt":{"rendered":"<div class=\"opinie-youtube\">\n<p>Zobacz opinie naszych zadowolonych klient\u00f3w:<\/p>\n<p style=\"display:block;text-align:center;color:red;\">No video found!<\/p><style><\/style><style>#wpgpyg--section-title-4211{margin-bottom:px;}#wpgp--youtube-gallery-4211{max-width:500px;background-color:transparent;}#wpgp--youtube-gallery-4211 .swiper-slide{background-color:#FFFFFF;}#wpgp--youtube-gallery-4211 .swiper-slide.wpgp-player-active{background-color:#595E6E;}#wpgp--youtube-gallery-4211 .swiper-slide:hover{background-color:#D6D6DF;}#wpgp--youtube-gallery-4211 .wpgpyg-vid-title{color:#666666;font-size:px;line-height:px;letter-space:px;}#wpgp--youtube-gallery-4211 .swiper-slide.wpgp-player-active .wpgpyg-vid-title{color:#EEEEEE;}#wpgp--youtube-gallery-4211 .swiper-slide:hover .wpgpyg-vid-title{color:#000000;}#wpgp--youtube-gallery-4211 .wpgpyg-vid-desc{color:#666666;font-size:px;line-height:px;letter-space:px;}#wpgp--youtube-gallery-4211 .swiper-slide.wpgp-player-active .wpgpyg-vid-desc{color:#EEEEEE;}#wpgp--youtube-gallery-4211 .swiper-slide:hover .wpgpyg-vid-desc{color:#000000;}#wpgpyt--ytsubscribe{text-align:center;}<\/style>\n<\/div>\n<p><!--more--><\/p>\n<p><strong>Szybka dostawa kurierem do 3 dni od zam\u00f3wienia. Chcesz dostaw\u0119 w p\u00f3\u017aniejszym terminie? Powiadom nas o tym przy sk\u0142adaniu zam\u00f3wienia.<\/strong><\/p>\n<p>Waga work\u00f3w 80 ty\u015b nasion, w zale\u017cno\u015bci od odmiany i numeru partii od 22 do 27 kg.<\/p>\n<p>Regularna cena nasion na sezon 2026 wynosi 630 z\u0142 za brutto worek 80 ty\u015b nasion.<\/p>\n<p><strong>Obowi\u0105zuj\u0105ca cena promocyjna to 575 z\u0142 brutto (546 z\u0142 netto) za worek 80 ty\u015b nasion, obowi\u0105zuj\u0105c do wyczerpania.<\/strong><\/p>\n<p>Dodatkowo przygotowali\u015bmy promocje na darmowe worki z nasionami:<\/p>\n<p>\u2013 do ka\u017cdych 10 work\u00f3w \u2013 1 worek gratis<\/p>\n<p>Promocja na darmowy worek nie \u0142\u0105czy si\u0119 z Testowymi Pakietami.<\/p>\n<p><strong>Cena na hektar, po przeliczeniu darmowych work\u00f3w, wynosi 522 brutto (496 z\u0142 netto) za worek 80 ty\u015b nasion.<\/strong> VAT na nasiona wynosi 5%.<\/p>\n<p>Zapewniamy darmow\u0105 dostaw\u0119 kurierem, bezpo\u015brednio do gospodarstwa. Oferujemy dodatkowy<strong> rabat -10 z\u0142 brutto do jednostki za p\u0142atno\u015b\u0107 on-line.<\/strong><\/p>\n<p>Nasiona zaprawiamy <strong>dodatkowo na ptaki i robaki, na miesi\u0105c przed siewem.&nbsp;&nbsp;<\/strong><\/p>\n<h3><strong>DMS 3477<\/strong> \u2013 Podw\u00f3jny Atak. Moc na Ziarno i Kiszonk\u0119.<\/h3>\n<h3><b>DMS 3477<\/b> to definicja <b>rolniczej wydajno\u015bci<\/b> \u2013 odmiana, kt\u00f3ra z r\u00f3wn\u0105 <b>pot\u0119g\u0105<\/b> triumfuje zar\u00f3wno w zbiorze na ziarno, jak i na kiszonk\u0119. To prawdziwy <b>Tytan Pola<\/b>, oferuj\u0105cy <b>imponuj\u0105cy wolumen<\/b> i <b>ekstremaln\u0105 jako\u015b\u0107<\/b>.<\/h3>\n<h3>Dwa Cele \u2013 Jedna Zwyci\u0119ska Odmiana:<\/h3>\n<ul>\n<li>\n<h3><b>Monumentalna Kolba (Ziarno):<\/b> DMS 3477 produkuje kolby, kt\u00f3re s\u0105 <b>ci\u0119\u017ckie, wyr\u00f3wnane<\/b> i naje\u017cone <b>pot\u0119\u017cnym ziarnem<\/b>. Dzi\u0119ki <b>bardzo szybkiemu oddawaniu wody<\/b>, umo\u017cliwia <b>wczesny i efektywny zbi\u00f3r ziarna<\/b> o niskiej wilgotno\u015bci \u2013 czysty <b>zysk<\/b> prosto z pola!<\/h3>\n<\/li>\n<li>\n<h3><b>Kiszonkowy Olbrzym (Kiszonka):<\/b> Ro\u015bliny osi\u0105gaj\u0105 <b>imponuj\u0105c\u0105 wysoko\u015b\u0107<\/b>, charakteryzuj\u0105c si\u0119 <b>grub\u0105 \u0142odyg\u0105<\/b> i <b>szerokim ulistnieniem<\/b>. To tworzy <b>niezwyk\u0142\u0105 mas\u0119 zielon\u0105<\/b>, kt\u00f3ra w po\u0142\u0105czeniu z <b>du\u017cym udzia\u0142em kolb<\/b> daje kiszonk\u0119 o <b>ponadprzeci\u0119tnej<\/b> zawarto\u015bci skrobi i strawno\u015bci \u2013 <b>bomba energetyczna<\/b> dla stada.<\/h3>\n<\/li>\n<li>\n<h3><b>Niez\u0142omny Charakter:<\/b> Odmiana cechuje si\u0119 <b>wysokim wigorem pocz\u0105tkowym<\/b> i <b>doskona\u0142\u0105 tolerancj\u0105 na stresy<\/b>. Efekt <b>Stay-Green<\/b> zapewnia d\u0142ugie utrzymanie zielono\u015bci, maksymalizuj\u0105c akumulacj\u0119 sk\u0142adnik\u00f3w, a silny system korzeniowy gwarantuje <b>stabilno\u015b\u0107<\/b> nawet w trudnych warunkach.<\/h3>\n<\/li>\n<\/ul>\n<h3><b>DMS 3477<\/b> to <b>gwarancja uniwersalno\u015bci<\/b> i <b>najwy\u017cszych plon\u00f3w<\/b>. Wybieraj\u0105c j\u0105, zapewniasz sobie <b>niezawodny surowiec<\/b> \u2013 zar\u00f3wno <b>suche i wydajne ziarno<\/b>, jak i <b>bogatoenergetyczn\u0105 kiszonk\u0119<\/b>. To <b>podw\u00f3jna moc<\/b> dla Twojego gospodarstwa.<\/h3>\n","protected":false},"featured_media":2465,"template":"","meta":{"ngg_post_thumbnail":0},"product_brand":[],"product_cat":[15],"product_tag":[],"class_list":{"0":"post-10014","1":"product","2":"type-product","3":"status-publish","4":"has-post-thumbnail","6":"product_cat-nasiona-kukurydzy","7":"tm-no-options","9":"first","10":"outofstock","11":"taxable","12":"shipping-taxable","13":"purchasable","14":"product-type-simple"},"acf":[],"_links":{"self":[{"href":"https:\/\/www.kozackakukurydza.pl\/en\/wp-json\/wp\/v2\/product\/10014","targetHints":{"allow":["GET"]}}],"collection":[{"href":"https:\/\/www.kozackakukurydza.pl\/en\/wp-json\/wp\/v2\/product"}],"about":[{"href":"https:\/\/www.kozackakukurydza.pl\/en\/wp-json\/wp\/v2\/types\/product"}],"wp:featuredmedia":[{"embeddable":true,"href":"https:\/\/www.kozackakukurydza.pl\/en\/wp-json\/wp\/v2\/media\/2465"}],"wp:attachment":[{"href":"https:\/\/www.kozackakukurydza.pl\/en\/wp-json\/wp\/v2\/media?parent=10014"}],"wp:term":[{"taxonomy":"product_brand","embeddable":true,"href":"https:\/\/www.kozackakukurydza.pl\/en\/wp-json\/wp\/v2\/product_brand?post=10014"},{"taxonomy":"product_cat","embeddable":true,"href":"https:\/\/www.kozackakukurydza.pl\/en\/wp-json\/wp\/v2\/product_cat?post=10014"},{"taxonomy":"product_tag","embeddable":true,"href":"https:\/\/www.kozackakukurydza.pl\/en\/wp-json\/wp\/v2\/product_tag?post=10014"}],"curies":[{"name":"wp","href":"https:\/\/api.w.org\/{rel}","templated":true}]}}