{"id":2464,"date":"2022-10-27T14:20:58","date_gmt":"2022-10-27T12:20:58","guid":{"rendered":"https:\/\/www.kozackakukurydza.pl\/?post_type=product&#038;p=2464"},"modified":"2026-02-27T11:37:12","modified_gmt":"2026-02-27T10:37:12","slug":"sektor-fao-280-320-kiszonka-ziarno-80-tys-nasion","status":"publish","type":"product","link":"https:\/\/www.kozackakukurydza.pl\/en\/produkt\/sektor-fao-280-320-kiszonka-ziarno-80-tys-nasion\/","title":{"rendered":"SEKTOR FAO 280-320 (KISZONKA \/ ZIARNO) 80 TY\u015a NASION"},"content":{"rendered":"<p>CHARAKTERYSTYKA:<\/p>\n<p>ODPORNO\u015a\u0106 na susz\u0119 9<br \/>\nODPORNO\u015a\u0106 g\u0142ownia guzowata 8<br \/>\nODPORNO\u015a\u0106 g\u0142ownia pyl\u0105ca 8<br \/>\nODPORNO\u015a\u0106 omacnica prosowianka 7<br \/>\nODPORNO\u015a\u0106 na wyleganie 9<\/p>\n<p>tolerancja na ch\u0142ody 8<br \/>\nwigor pocz\u0105tkowy 9<br \/>\nstay green 9<br \/>\noddawanie wody 8<br \/>\nwysoko\u015b\u0107 ro\u015blin 8<br \/>\nwska\u017anik na dwukolbowo\u015b\u0107 5<\/p>\n<p>min. temp. gleby do siewu &#8211; 9\u00b0C<br \/>\nliczba rz\u0119d\u00f3w &#8211; 14-18<br \/>\ntyp ziarna &#8211; semi dent<br \/>\ntyp kolby &#8211; flex<br \/>\nkolor ziarna &#8211; \u017c\u00f3\u0142ty<\/p>\n<p>warto\u015bc \u017cywieniowa:<br \/>\nskrobia 8<br \/>\ndNDF 7<\/p>\n<p>ZAPRAWA (doskona\u0142a ochrona i mikroelemety na szybki start w standardzie):<\/p>\n<p>FUNGICYD:<\/p>\n<p>Nasiona zaprawione dwusk\u0142adnikow\u0105 zapraw\u0105 REDIGO M 120 FS firmy BAYER. Zaprawa ma w sk\u0142adzie: protiokonazol (zwi\u0105zek z grupy triazoli) &#8211; 100 g\/l, metalaksyl (zwi\u0105zek z grupy fenyloamid\u00f3w) &#8211; 20 g\/l.<\/p>\n<p>MIKROELEMETY:<\/p>\n<p>Nasiona s\u0105 dodatkowo zaprawione najwy\u017cszej jako\u015bci zapraw\u0105 mikroelementow\u0105 QUANTUM ULTRACOMPLEX. W sk\u0142ad zaprawy wchodzi azot, fosfor, potas oraz kompleks mikroelement\u00f3w: bor, molibden, cynk, mangan, \u017celazo i mied\u017a w formie chelatu EDTA.<\/p>\n<p>ZAPRAWA DODATKOWA:<br \/>\nKORIT 420 FS<\/p>\n<p>FORCE&nbsp;<br \/>\nKORIT + FORCE&nbsp;<\/p>\n","protected":false},"excerpt":{"rendered":"<div class=\"opinie-youtube\">\n<p>Zobacz opinie naszych zadowolonych klient\u00f3w:<\/p>\n\r\n<style>\r\n.wpgp--youtube-gallery {\r\n\tmax-width: 900px;\r\n\tmargin: 0 auto;\r\n}\r\n.swiper-slide {\r\n\tbackground-position: center;\r\n\tbackground-size: contain;\r\n\tbackground-repeat: no-repeat;\r\n\tcursor: pointer;\r\n\theight: auto !important;\r\n\tbackground: aliceblue;\r\n}\r\n.wpgpyt-single-slide-wrap {\r\n\tbox-shadow: rgba(0, 0, 0, 0.02) 0px 1px 3px 0px, rgba(27, 31, 35, 0.15) 0px 0px 0px 1px;\r\n\tmargin: 1px;\r\n\theight: calc(100% - 2px);\r\n}\r\n.wpgpyg--wrapper {\r\n\tbackground: rgba(0,0,0,0.55);\r\n\twidth: 50px;\r\n\theight: 24px;\r\n\tborder-radius: 5px;\r\n\tpadding-top: 10px;\r\n\tmargin-top: -10px;\r\n\tposition: absolute;\r\n\ttop: 50%;\r\n\tleft: 50%;\r\n\t-webkit-transform: translate(-50%);\r\n\t-ms-transform: translate(-50%);\r\n\ttransform: translate(-50%);\r\n}\r\n.swiper-slide:hover .wpgpyg--wrapper {\r\n\tbackground: #cd201f;\r\n}\r\n.wpgpyg--tri {\r\n\twidth: 0;\r\n\theight: 0;\r\n\tborder-style: solid;\r\n\tborder-width: 7px 0 7px 14px;\r\n\tborder-color: transparent transparent transparent #ffffff;\r\n\tmargin: 0 auto;\r\n}\r\n.swiper-pagination {\r\n\tposition: relative !important;\r\n}\r\n.swiper-pagination .swiper-pagination-bullet{\r\n\tmargin: 0 3px;\r\n}\r\n.wpgp--video-container {\r\n\toverflow: hidden;\r\n\tposition: relative;\r\n\tpadding-bottom: 15px;\r\n\tmargin: 0 auto;\r\n\tmargin-bottom: 10px;\r\n}\r\n.wpgp--video-container::after {\r\n\tpadding-top: 56.25%;\r\n\tdisplay: block;\r\n\tcontent: '';\r\n}\r\n.wpgp--video-container iframe {\r\n\tposition: absolute;\r\n\ttop: 0;\r\n\tleft: 0;\r\n\twidth: 100%;\r\n\theight: 100%;\r\n}\r\n.swiper-slide img {\r\n\twidth: 100%;\r\n\theight: auto;\r\n\tdisplay: block;\r\n}\r\n.wpgpyt-slider-thumb {\r\n\tposition: relative;\r\n}\r\n.swiper-slide .wpgpyg-vid-title {\r\n\tmargin: 0;\r\n\tfont-size: 17px;\r\n\tline-height: 20px;\r\n\tfont-weight: bold;\r\n}\r\n.swiper-slide .wpgpyg-vid-desc {\r\n\tmargin: 0;\r\n\tpadding-top: 10px;\r\n}\r\n.wpgpyt-slider-inner-content {\r\n\tpadding: 10px;\r\n}\r\n\r\n\/* Pagination Navigation *\/\r\n.swiper-button-prev, .swiper-button-next {color: #f44336;}\r\n.swiper-container:hover .swiper-button-prev,\r\n.swiper-container:hover .swiper-button-next {\r\n\theight: 100%;\r\n\ttop: 0;\r\n\tbackground: rgb(0 0 0 \/ 30%);\r\n\tmargin-top: 0;\r\n\tright: 0;\r\n\twidth: 44px;\r\n}\r\n.swiper-container:hover .swiper-button-prev {\r\n\tleft: 0;\r\n}\r\n.swiper-pagination-bullet-active {\r\n\tbackground: #f44336;\r\n}\r\n<\/style>\r\n<!-- Swiper -->\r\n<div id=\"wpgp--youtube-gallery-4211\" class=\"wpgp--youtube-gallery\">\r\n\t<div class=\"wpgp--video-container\">\r\n\t\t<iframe loading=\"lazy\" width=\"560\" height=\"315\" src=\"https:\/\/www.youtube.com\/embed\/Zp43zu4K1i0\" frameborder=\"0\" allow=\"accelerometer; autoplay; encrypted-media; gyroscope; picture-in-picture\" allowfullscreen><\/iframe>\r\n\t<\/div>\r\n\t<div class=\"swiper-container\">\r\n\t\t<div class=\"swiper-wrapper\">\r\n\t\t\t\t\t<div class=\"swiper-slide\" data-video-id=\"Zp43zu4K1i0\">\r\n\t\t\t\t<div class=\"wpgpyt-single-slide-wrap\">\r\n\t\t\t\t\t<div class=\"wpgpyt-slider-thumb\">\r\n\t\t\t\t\t\t<img decoding=\"async\" src=\"https:\/\/i.ytimg.com\/vi\/Zp43zu4K1i0\/hqdefault.jpg\" alt=\"Opinie Gospodarzy 2024\" \/>\r\n\t\t\t\t\t\t<div class=\"wpgpyg--wrapper\">\r\n\t\t\t\t\t\t\t<div class=\"wpgpyg--tri\"><\/div>\r\n\t\t\t\t\t\t<\/div>\r\n\t\t\t\t\t<\/div>\r\n\t\t\t\t\t<div class=\"wpgpyt-slider-inner-content\">\r\n\t\t\t\t\t\t<h3 class=\"wpgpyg-vid-title\">Opinie Gospodarzy 2024<\/h3>\t\t\t\t\t<\/div>\r\n\t\t\t\t<\/div>\r\n\t\t\t<\/div>\r\n\t\t\t\t\t\t<div class=\"swiper-slide\" data-video-id=\"Fd1zH7kTWrw\">\r\n\t\t\t\t<div class=\"wpgpyt-single-slide-wrap\">\r\n\t\t\t\t\t<div class=\"wpgpyt-slider-thumb\">\r\n\t\t\t\t\t\t<img decoding=\"async\" src=\"https:\/\/i.ytimg.com\/vi\/Fd1zH7kTWrw\/hqdefault.jpg\" alt=\"opinie Gospodarzy wojew\u00f3dztwo podlaskie\/kukurydza 2023\" \/>\r\n\t\t\t\t\t\t<div class=\"wpgpyg--wrapper\">\r\n\t\t\t\t\t\t\t<div class=\"wpgpyg--tri\"><\/div>\r\n\t\t\t\t\t\t<\/div>\r\n\t\t\t\t\t<\/div>\r\n\t\t\t\t\t<div class=\"wpgpyt-slider-inner-content\">\r\n\t\t\t\t\t\t<h3 class=\"wpgpyg-vid-title\">opinie Gospodarzy wojew\u00f3dztwo podlaskie\/kukurydza 2023<\/h3>\t\t\t\t\t<\/div>\r\n\t\t\t\t<\/div>\r\n\t\t\t<\/div>\r\n\t\t\t\t\t\t<div class=\"swiper-slide\" data-video-id=\"i6Z1CAGCKrk\">\r\n\t\t\t\t<div class=\"wpgpyt-single-slide-wrap\">\r\n\t\t\t\t\t<div class=\"wpgpyt-slider-thumb\">\r\n\t\t\t\t\t\t<img decoding=\"async\" src=\"https:\/\/i.ytimg.com\/vi\/i6Z1CAGCKrk\/hqdefault.jpg\" alt=\"opinie Gospodarzy wojew\u00f3dztwo mazowieckie\/kukurydza 2023\" \/>\r\n\t\t\t\t\t\t<div class=\"wpgpyg--wrapper\">\r\n\t\t\t\t\t\t\t<div class=\"wpgpyg--tri\"><\/div>\r\n\t\t\t\t\t\t<\/div>\r\n\t\t\t\t\t<\/div>\r\n\t\t\t\t\t<div class=\"wpgpyt-slider-inner-content\">\r\n\t\t\t\t\t\t<h3 class=\"wpgpyg-vid-title\">opinie Gospodarzy wojew\u00f3dztwo mazowieckie\/kukurydza 2023<\/h3>\t\t\t\t\t<\/div>\r\n\t\t\t\t<\/div>\r\n\t\t\t<\/div>\r\n\t\t\t\t\t\t<div class=\"swiper-slide\" data-video-id=\"oMRcg5Ue7QM\">\r\n\t\t\t\t<div class=\"wpgpyt-single-slide-wrap\">\r\n\t\t\t\t\t<div class=\"wpgpyt-slider-thumb\">\r\n\t\t\t\t\t\t<img decoding=\"async\" src=\"https:\/\/i.ytimg.com\/vi\/oMRcg5Ue7QM\/hqdefault.jpg\" alt=\"Opinie Gospodarzy wojew\u00f3dztwo \u0142\u00f3dzkie\/kukurydza 2023\" \/>\r\n\t\t\t\t\t\t<div class=\"wpgpyg--wrapper\">\r\n\t\t\t\t\t\t\t<div class=\"wpgpyg--tri\"><\/div>\r\n\t\t\t\t\t\t<\/div>\r\n\t\t\t\t\t<\/div>\r\n\t\t\t\t\t<div class=\"wpgpyt-slider-inner-content\">\r\n\t\t\t\t\t\t<h3 class=\"wpgpyg-vid-title\">Opinie Gospodarzy wojew\u00f3dztwo \u0142\u00f3dzkie\/kukurydza 2023<\/h3>\t\t\t\t\t<\/div>\r\n\t\t\t\t<\/div>\r\n\t\t\t<\/div>\r\n\t\t\t\t\t\t<div class=\"swiper-slide\" data-video-id=\"NgcflKQtHAc\">\r\n\t\t\t\t<div class=\"wpgpyt-single-slide-wrap\">\r\n\t\t\t\t\t<div class=\"wpgpyt-slider-thumb\">\r\n\t\t\t\t\t\t<img decoding=\"async\" src=\"https:\/\/i.ytimg.com\/vi\/NgcflKQtHAc\/hqdefault.jpg\" alt=\"opinie Gospodarzy wojew\u00f3dztwo wielkopolskie\/kukurydza 2023\" \/>\r\n\t\t\t\t\t\t<div class=\"wpgpyg--wrapper\">\r\n\t\t\t\t\t\t\t<div class=\"wpgpyg--tri\"><\/div>\r\n\t\t\t\t\t\t<\/div>\r\n\t\t\t\t\t<\/div>\r\n\t\t\t\t\t<div class=\"wpgpyt-slider-inner-content\">\r\n\t\t\t\t\t\t<h3 class=\"wpgpyg-vid-title\">opinie Gospodarzy wojew\u00f3dztwo wielkopolskie\/kukurydza 2023<\/h3>\t\t\t\t\t<\/div>\r\n\t\t\t\t<\/div>\r\n\t\t\t<\/div>\r\n\t\t\t\t\t\t<div class=\"swiper-slide\" data-video-id=\"qk-ZfqVlpVA\">\r\n\t\t\t\t<div class=\"wpgpyt-single-slide-wrap\">\r\n\t\t\t\t\t<div class=\"wpgpyt-slider-thumb\">\r\n\t\t\t\t\t\t<img decoding=\"async\" src=\"https:\/\/i.ytimg.com\/vi\/qk-ZfqVlpVA\/hqdefault.jpg\" alt=\"opinie Gospodarzy wojew\u00f3dztwo ma\u0142opolskie \/ kukurydza 2023\" \/>\r\n\t\t\t\t\t\t<div class=\"wpgpyg--wrapper\">\r\n\t\t\t\t\t\t\t<div class=\"wpgpyg--tri\"><\/div>\r\n\t\t\t\t\t\t<\/div>\r\n\t\t\t\t\t<\/div>\r\n\t\t\t\t\t<div class=\"wpgpyt-slider-inner-content\">\r\n\t\t\t\t\t\t<h3 class=\"wpgpyg-vid-title\">opinie Gospodarzy wojew\u00f3dztwo ma\u0142opolskie \/ kukurydza 2023<\/h3>\t\t\t\t\t<\/div>\r\n\t\t\t\t<\/div>\r\n\t\t\t<\/div>\r\n\t\t\t\t\t\t<div class=\"swiper-slide\" data-video-id=\"-02Tf6Xn_rI\">\r\n\t\t\t\t<div class=\"wpgpyt-single-slide-wrap\">\r\n\t\t\t\t\t<div class=\"wpgpyt-slider-thumb\">\r\n\t\t\t\t\t\t<img decoding=\"async\" src=\"https:\/\/i.ytimg.com\/vi\/-02Tf6Xn_rI\/hqdefault.jpg\" alt=\"opinie Gospodarzy z wojew\u00f3dztwa dolno\u015bl\u0105skiego i \u015bl\u0105skiego \/ kukurydza 2023\" \/>\r\n\t\t\t\t\t\t<div class=\"wpgpyg--wrapper\">\r\n\t\t\t\t\t\t\t<div class=\"wpgpyg--tri\"><\/div>\r\n\t\t\t\t\t\t<\/div>\r\n\t\t\t\t\t<\/div>\r\n\t\t\t\t\t<div class=\"wpgpyt-slider-inner-content\">\r\n\t\t\t\t\t\t<h3 class=\"wpgpyg-vid-title\">opinie Gospodarzy z wojew\u00f3dztwa dolno\u015bl\u0105skiego i \u015bl\u0105skiego \/ kukurydza 2023<\/h3>\t\t\t\t\t<\/div>\r\n\t\t\t\t<\/div>\r\n\t\t\t<\/div>\r\n\t\t\t\t\t\t<div class=\"swiper-slide\" data-video-id=\"MYCx6Rj-yOo\">\r\n\t\t\t\t<div class=\"wpgpyt-single-slide-wrap\">\r\n\t\t\t\t\t<div class=\"wpgpyt-slider-thumb\">\r\n\t\t\t\t\t\t<img decoding=\"async\" src=\"https:\/\/i.ytimg.com\/vi\/MYCx6Rj-yOo\/hqdefault.jpg\" alt=\"opinie Gospodarzy wojew\u00f3dztwo \u015bwi\u0119tokrzyskie \/ kukurydza 2023\" \/>\r\n\t\t\t\t\t\t<div class=\"wpgpyg--wrapper\">\r\n\t\t\t\t\t\t\t<div class=\"wpgpyg--tri\"><\/div>\r\n\t\t\t\t\t\t<\/div>\r\n\t\t\t\t\t<\/div>\r\n\t\t\t\t\t<div class=\"wpgpyt-slider-inner-content\">\r\n\t\t\t\t\t\t<h3 class=\"wpgpyg-vid-title\">opinie Gospodarzy wojew\u00f3dztwo \u015bwi\u0119tokrzyskie \/ kukurydza 2023<\/h3>\t\t\t\t\t<\/div>\r\n\t\t\t\t<\/div>\r\n\t\t\t<\/div>\r\n\t\t\t\t\t\t<div class=\"swiper-slide\" data-video-id=\"yKOznRNiEGQ\">\r\n\t\t\t\t<div class=\"wpgpyt-single-slide-wrap\">\r\n\t\t\t\t\t<div class=\"wpgpyt-slider-thumb\">\r\n\t\t\t\t\t\t<img decoding=\"async\" src=\"https:\/\/i.ytimg.com\/vi\/yKOznRNiEGQ\/hqdefault.jpg\" alt=\"opinie Gospodarzy wojew\u00f3dztwo opolskie \/ kukurydza 2023\" \/>\r\n\t\t\t\t\t\t<div class=\"wpgpyg--wrapper\">\r\n\t\t\t\t\t\t\t<div class=\"wpgpyg--tri\"><\/div>\r\n\t\t\t\t\t\t<\/div>\r\n\t\t\t\t\t<\/div>\r\n\t\t\t\t\t<div class=\"wpgpyt-slider-inner-content\">\r\n\t\t\t\t\t\t<h3 class=\"wpgpyg-vid-title\">opinie Gospodarzy wojew\u00f3dztwo opolskie \/ kukurydza 2023<\/h3>\t\t\t\t\t<\/div>\r\n\t\t\t\t<\/div>\r\n\t\t\t<\/div>\r\n\t\t\t\t\t\t<div class=\"swiper-slide\" data-video-id=\"tjG6QyuallM\">\r\n\t\t\t\t<div class=\"wpgpyt-single-slide-wrap\">\r\n\t\t\t\t\t<div class=\"wpgpyt-slider-thumb\">\r\n\t\t\t\t\t\t<img decoding=\"async\" src=\"https:\/\/i.ytimg.com\/vi\/tjG6QyuallM\/hqdefault.jpg\" alt=\"opinie Gospodarzy wojew\u00f3dztwo lubelskie\/kukurydza 2023\" \/>\r\n\t\t\t\t\t\t<div class=\"wpgpyg--wrapper\">\r\n\t\t\t\t\t\t\t<div class=\"wpgpyg--tri\"><\/div>\r\n\t\t\t\t\t\t<\/div>\r\n\t\t\t\t\t<\/div>\r\n\t\t\t\t\t<div class=\"wpgpyt-slider-inner-content\">\r\n\t\t\t\t\t\t<h3 class=\"wpgpyg-vid-title\">opinie Gospodarzy wojew\u00f3dztwo lubelskie\/kukurydza 2023<\/h3>\t\t\t\t\t<\/div>\r\n\t\t\t\t<\/div>\r\n\t\t\t<\/div>\r\n\t\t\t\t\t\t<div class=\"swiper-slide\" data-video-id=\"uZCRIMHoHi4\">\r\n\t\t\t\t<div class=\"wpgpyt-single-slide-wrap\">\r\n\t\t\t\t\t<div class=\"wpgpyt-slider-thumb\">\r\n\t\t\t\t\t\t<img decoding=\"async\" src=\"https:\/\/i.ytimg.com\/vi\/uZCRIMHoHi4\/hqdefault.jpg\" alt=\"opinie Gospodarzy wojew\u00f3dztwo podkarpackie\/kukurydza 2023\" \/>\r\n\t\t\t\t\t\t<div class=\"wpgpyg--wrapper\">\r\n\t\t\t\t\t\t\t<div class=\"wpgpyg--tri\"><\/div>\r\n\t\t\t\t\t\t<\/div>\r\n\t\t\t\t\t<\/div>\r\n\t\t\t\t\t<div class=\"wpgpyt-slider-inner-content\">\r\n\t\t\t\t\t\t<h3 class=\"wpgpyg-vid-title\">opinie Gospodarzy wojew\u00f3dztwo podkarpackie\/kukurydza 2023<\/h3>\t\t\t\t\t<\/div>\r\n\t\t\t\t<\/div>\r\n\t\t\t<\/div>\r\n\t\t\t\t\t\t<div class=\"swiper-slide\" data-video-id=\"sjLqXAN2oqc\">\r\n\t\t\t\t<div class=\"wpgpyt-single-slide-wrap\">\r\n\t\t\t\t\t<div class=\"wpgpyt-slider-thumb\">\r\n\t\t\t\t\t\t<img decoding=\"async\" src=\"https:\/\/i.ytimg.com\/vi\/sjLqXAN2oqc\/hqdefault.jpg\" alt=\"Kozacka Kukurydza opinie Gospodarzy 2022\" \/>\r\n\t\t\t\t\t\t<div class=\"wpgpyg--wrapper\">\r\n\t\t\t\t\t\t\t<div class=\"wpgpyg--tri\"><\/div>\r\n\t\t\t\t\t\t<\/div>\r\n\t\t\t\t\t<\/div>\r\n\t\t\t\t\t<div class=\"wpgpyt-slider-inner-content\">\r\n\t\t\t\t\t\t<h3 class=\"wpgpyg-vid-title\">Kozacka Kukurydza opinie Gospodarzy 2022<\/h3>\t\t\t\t\t<\/div>\r\n\t\t\t\t<\/div>\r\n\t\t\t<\/div>\r\n\t\t\t\t\t\t<div class=\"swiper-slide\" data-video-id=\"76BiEdAUdFM\">\r\n\t\t\t\t<div class=\"wpgpyt-single-slide-wrap\">\r\n\t\t\t\t\t<div class=\"wpgpyt-slider-thumb\">\r\n\t\t\t\t\t\t<img decoding=\"async\" src=\"https:\/\/i.ytimg.com\/vi\/76BiEdAUdFM\/hqdefault.jpg\" alt=\"podsumowanie sezonu upraw kukurydzy w Polsce w 2023 roku\" \/>\r\n\t\t\t\t\t\t<div class=\"wpgpyg--wrapper\">\r\n\t\t\t\t\t\t\t<div class=\"wpgpyg--tri\"><\/div>\r\n\t\t\t\t\t\t<\/div>\r\n\t\t\t\t\t<\/div>\r\n\t\t\t\t\t<div class=\"wpgpyt-slider-inner-content\">\r\n\t\t\t\t\t\t<h3 class=\"wpgpyg-vid-title\">podsumowanie sezonu upraw kukurydzy w Polsce w 2023 roku<\/h3>\t\t\t\t\t<\/div>\r\n\t\t\t\t<\/div>\r\n\t\t\t<\/div>\r\n\t\t\t\t\t<\/div>\r\n\r\n\t\t<!-- Add Arrows -->\r\n\t\t<div class=\"swiper-button-next\"><\/div>\r\n\t\t<div class=\"swiper-button-prev\"><\/div>\r\n\t<\/div>\r\n\t<!-- Add Pagination -->\r\n\t<div class=\"swiper-pagination\"><\/div>\r\n<\/div>\r\n\r\n<!-- Initialize Swiper -->\r\n<script>\r\n\t(function( $ ) {\r\n\t'use strict';\r\n\r\n\t\t$( document ).ready(function() {\r\n\r\n\t\t\t$(\"div.wpgp--youtube-gallery\").each(function () {\r\n\t\t\t\tvar _theGallery = $(this).attr(\"id\");\r\n\r\n\t\t\t\t$(\".swiper-wrapper .swiper-slide:first-child\").addClass(\"wpgp-player-active\");\r\n\t\t\t\t$(\"#\" + _theGallery + \" .swiper-slide\").click(function () {\r\n\r\n\t\t\t\t\t\/**\r\n\t\t\t\t\t * On click, add class on active video.\r\n\t\t\t\t\t * Which is load on the player.\r\n\t\t\t\t\t *\/\r\n\t\t\t\t\t$(this).removeClass(\"wpgp-player-active\").addClass(\"wpgp-player-active\").siblings().removeClass(\"wpgp-player-active\");\r\n\r\n\t\t\t\t\t\/**\r\n\t\t\t\t\t * Add video link into Iframe.\r\n\t\t\t\t\t *\/\r\n\t\t\t\t\tvar _videoID = $(this).data(\"video-id\");\r\n\t\t\t\t\t$(\"#\" + _theGallery + \" iframe\").attr(\"src\", \"https:\/\/www.youtube.com\/embed\/\" + _videoID).fadeOut(\"fast\").fadeIn(\"slow\");\r\n\t\t\t\t});\r\n\r\n\t\t\t});\r\n\r\n\t\t\t\/\/ Slide per view.\r\n\t\t\tvar wpgpygSpvMobile  = '1';\r\n\t\t\tvar wpgpygSpvTablet  = '2';\r\n\t\t\tvar wpgpygSpvDesktop = '3';\r\n\r\n\t\t\tvar swiper = new Swiper('.swiper-container', {\r\n\t\t\t\tslidesPerView: 3,\r\n\t\t\t\tspaceBetween: 10,\r\n\t\t\t\tpagination: {\r\n\t\t\t\t\tel        : '.swiper-pagination',\r\n\t\t\t\t\tclickable : true,\r\n\t\t\t\t\ttype      : 'bullets', \/\/ 'fraction' | 'progressbar' | 'custom'\r\n\t\t\t\t},\r\n\t\t\t\tnavigation: {\r\n\t\t\t\t\tnextEl: '.swiper-button-next',\r\n\t\t\t\t\tprevEl: '.swiper-button-prev',\r\n\t\t\t\t},\r\n\t\t\t\t\/\/ Responsive breakpoints\r\n\t\t\t\tbreakpoints: {\r\n\t\t\t\t\t\/\/ when window width is >= 320px\r\n\t\t\t\t\t320: {\r\n\t\t\t\t\tslidesPerView: wpgpygSpvMobile,\r\n\t\t\t\t\tspaceBetween: 0\r\n\t\t\t\t\t},\r\n\t\t\t\t\t\/\/ when window width is >= 480px\r\n\t\t\t\t\t480: {\r\n\t\t\t\t\tslidesPerView: wpgpygSpvTablet,\r\n\t\t\t\t\tspaceBetween: 20\r\n\t\t\t\t\t},\r\n\t\t\t\t\t\/\/ when window width is >= 640px\r\n\t\t\t\t\t640: {\r\n\t\t\t\t\tslidesPerView: wpgpygSpvDesktop,\r\n\t\t\t\t\tspaceBetween: 10\r\n\t\t\t\t\t}\r\n\t\t\t\t}\r\n\t\t\t});\r\n\r\n\t\t});\r\n\r\n\t})( jQuery );\r\n<\/script>\r\n\t\t<style><\/style><style>#wpgpyg--section-title-4211{margin-bottom:px;}#wpgp--youtube-gallery-4211{max-width:500px;background-color:transparent;}#wpgp--youtube-gallery-4211 .swiper-slide{background-color:#FFFFFF;}#wpgp--youtube-gallery-4211 .swiper-slide.wpgp-player-active{background-color:#595E6E;}#wpgp--youtube-gallery-4211 .swiper-slide:hover{background-color:#D6D6DF;}#wpgp--youtube-gallery-4211 .wpgpyg-vid-title{color:#666666;font-size:px;line-height:px;letter-space:px;}#wpgp--youtube-gallery-4211 .swiper-slide.wpgp-player-active .wpgpyg-vid-title{color:#EEEEEE;}#wpgp--youtube-gallery-4211 .swiper-slide:hover .wpgpyg-vid-title{color:#000000;}#wpgp--youtube-gallery-4211 .wpgpyg-vid-desc{color:#666666;font-size:px;line-height:px;letter-space:px;}#wpgp--youtube-gallery-4211 .swiper-slide.wpgp-player-active .wpgpyg-vid-desc{color:#EEEEEE;}#wpgp--youtube-gallery-4211 .swiper-slide:hover .wpgpyg-vid-desc{color:#000000;}#wpgpyt--ytsubscribe{text-align:center;}<\/style>\n<\/div>\n<p><!--more--><\/p>\n<p><strong>Szybka dostawa kurierem do 3 dni od zam\u00f3wienia. Chcesz dostaw\u0119 w p\u00f3\u017aniejszym terminie? Powiadom nas o tym przy sk\u0142adaniu zam\u00f3wienia.<\/strong><\/p>\n<p>Waga work\u00f3w 80 ty\u015b nasion, w zale\u017cno\u015bci od odmiany i numeru partii od 22 do 27 kg.<\/p>\n<p>Regularna cena nasion na sezon 2026 wynosi 630 z\u0142 za brutto worek 80 ty\u015b nasion.<\/p>\n<p><strong>Obowi\u0105zuj\u0105ca cena promocyjna to 575 z\u0142 brutto (546 z\u0142 netto) za worek 80 ty\u015b nasion, obowi\u0105zuj\u0105c do wyczerpania.<\/strong><\/p>\n<p>Dodatkowo przygotowali\u015bmy promocje na darmowe worki z nasionami:<\/p>\n<p>\u2013 do ka\u017cdych 10 work\u00f3w \u2013 1 worek gratis<\/p>\n<p>Promocja na darmowy worek nie \u0142\u0105czy si\u0119 z Testowymi Pakietami.<\/p>\n<p><strong>Cena na hektar, po przeliczeniu darmowych work\u00f3w, wynosi 522 brutto (496 z\u0142 netto) za worek 80 ty\u015b nasion.<\/strong> VAT na nasiona wynosi 5%.<\/p>\n<p>Zapewniamy darmow\u0105 dostaw\u0119 kurierem, bezpo\u015brednio do gospodarstwa. Oferujemy dodatkowy<strong> rabat -10 z\u0142 brutto do jednostki za p\u0142atno\u015b\u0107 on-line.<\/strong><\/p>\n<p>Nasiona zaprawiamy <strong>dodatkowo na ptaki i robaki, na miesi\u0105c przed siewem.&nbsp;&nbsp;<\/strong><\/p>\n<h3><b>SEKTOR <\/b>to nowa na polskim rynku odmiana z bardzo wysokim potencja\u0142em plonowania. W 2019 Sektor zanotowa\u0142 najwy\u017cszy plon ziarna 17,7 tony przy 14% wilgotno\u015bci. Odmiana bardzo uniwersalna nadaj\u0105ca si\u0119 na wszystkie typy gleb. Polecana do uprawy na wysokojako\u015bciowe kiszonki na terenie ca\u0142ej Polski. Na ziarno polecamy gospodarstwom z po\u0142udnia kraju. Wysokie ro\u015bliny z grub\u0105 \u0142odyg\u0105 i szerokimi li\u015b\u0107mi.<\/h3>\n","protected":false},"featured_media":2465,"template":"","meta":{"ngg_post_thumbnail":0},"product_brand":[],"product_cat":[15],"product_tag":[],"class_list":{"0":"post-2464","1":"product","2":"type-product","3":"status-publish","4":"has-post-thumbnail","6":"product_cat-nasiona-kukurydzy","7":"tm-no-options","9":"first","10":"instock","11":"taxable","12":"shipping-taxable","13":"purchasable","14":"product-type-simple"},"acf":[],"_links":{"self":[{"href":"https:\/\/www.kozackakukurydza.pl\/en\/wp-json\/wp\/v2\/product\/2464","targetHints":{"allow":["GET"]}}],"collection":[{"href":"https:\/\/www.kozackakukurydza.pl\/en\/wp-json\/wp\/v2\/product"}],"about":[{"href":"https:\/\/www.kozackakukurydza.pl\/en\/wp-json\/wp\/v2\/types\/product"}],"wp:featuredmedia":[{"embeddable":true,"href":"https:\/\/www.kozackakukurydza.pl\/en\/wp-json\/wp\/v2\/media\/2465"}],"wp:attachment":[{"href":"https:\/\/www.kozackakukurydza.pl\/en\/wp-json\/wp\/v2\/media?parent=2464"}],"wp:term":[{"taxonomy":"product_brand","embeddable":true,"href":"https:\/\/www.kozackakukurydza.pl\/en\/wp-json\/wp\/v2\/product_brand?post=2464"},{"taxonomy":"product_cat","embeddable":true,"href":"https:\/\/www.kozackakukurydza.pl\/en\/wp-json\/wp\/v2\/product_cat?post=2464"},{"taxonomy":"product_tag","embeddable":true,"href":"https:\/\/www.kozackakukurydza.pl\/en\/wp-json\/wp\/v2\/product_tag?post=2464"}],"curies":[{"name":"wp","href":"https:\/\/api.w.org\/{rel}","templated":true}]}}